{"id":22306,"date":"2023-10-09T14:43:37","date_gmt":"2023-10-09T18:43:37","guid":{"rendered":"https:\/\/brightmoorchurch.org\/politica-de-confidentialitate\/"},"modified":"2025-07-30T14:09:47","modified_gmt":"2025-07-30T18:09:47","slug":"politica-de-confidentialitate","status":"publish","type":"page","link":"https:\/\/brightmoorchurch.org\/ro\/politica-de-confidentialitate\/","title":{"rendered":"Politica de confiden\u021bialitate"},"content":{"rendered":"\t\t<div data-elementor-type=\"wp-page\" data-elementor-id=\"22306\" class=\"elementor elementor-22306 elementor-3\" data-elementor-post-type=\"page\">\n\t\t\t\t<div class=\"elementor-element elementor-element-2ac2bd26 e-flex e-con-boxed e-con e-parent\" data-id=\"2ac2bd26\" data-element_type=\"container\" data-e-type=\"container\" data-settings=\"{&quot;background_background&quot;:&quot;classic&quot;}\">\n\t\t\t\t\t<div class=\"e-con-inner\">\n\t\t\t\t<div class=\"elementor-element elementor-element-528c1a39 elementor-widget elementor-widget-text-editor\" data-id=\"528c1a39\" data-element_type=\"widget\" data-e-type=\"widget\" data-widget_type=\"text-editor.default\">\n\t\t\t\t\t\t\t\t\t<p class=\"p1\"><b>POLITICA DE CONFIDEN\u021aIALITATE BRIGHTMOOR <\/b><\/p><p class=\"p1\">Biserica Cre\u0219tin\u0103 Brightmoor (\u201enoi,\u201d \u201enou\u0103,\u201d sau \u201eBCC\u201d) v\u0103 ofer\u0103 (denumit \u201edumneavoastr\u0103\u201d sau \u201eUtilizator\u201d) acces la acest site web sau aplica\u021bie pentru smartphone (fiecare denumit \u201eSite\u201d). Tipurile de informa\u021bii personale \u0219i non-personale pe care le colect\u0103m pe Site, modul \u00een care folosim aceste informa\u021bii \u0219i cui \u0219i \u00een ce condi\u021bii le putem dezv\u0103lui sunt toate acoperite de aceast\u0103 declara\u021bie de confiden\u021bialitate. Prin utilizarea Site-ului, consim\u021bi\u021bi la colectarea, utilizarea \u0219i dezv\u0103luirea Informa\u021biilor dumneavoastr\u0103 Personale (definite mai jos) \u00een conformitate cu aceast\u0103 Politic\u0103 de Confiden\u021bialitate. V\u0103 rug\u0103m s\u0103 nu utiliza\u021bi Site-ul dac\u0103 nu sunte\u021bi de acord cu termenii acestei declara\u021bii de confiden\u021bialitate.   <\/p><p class=\"p1\"><b>Colectarea datelor:<\/b><\/p><p class=\"p1\">C\u00e2nd vizita\u021bi acest site sau comunica\u021bi cu BCC prin dispozitiv mobil, putem colecta date despre obiceiurile dumneavoastr\u0103 de vizionare, browserul, sistemul de operare, adresa IP \u0219i orice informa\u021bii de identificare personal\u0103 pe care alege\u021bi s\u0103 le oferi\u021bi BCC.<\/p><p class=\"p1\"><b>Informa\u021bii de identificare personal\u0103:<\/b><\/p><p class=\"p1\">Orice informa\u021bie care ar putea fi utilizat\u0103 \u00een mod rezonabil pentru a v\u0103 identifica personal este considerat\u0103 informa\u021bie de identificare personal\u0103. Nume, adres\u0103, e-mail, num\u0103r de telefon, cod po\u0219tal, gen, zi de na\u0219tere, informa\u021bii despre cardul de credit \u0219i hobby-uri sunt doar c\u00e2teva exemple. <\/p><p class=\"p1\"><b>Ce sunt cookie-urile \u0219i cum sunt utilizate? <\/b><\/p><p class=\"p1\">Cookie-urile sunt fi\u0219iere text cu mici buc\u0103\u021bi de date care sunt utilizate pentru a identifica computerul dumneavoastr\u0103 atunci c\u00e2nd utiliza\u021bi o re\u021bea de calculatoare. Cookie-urile pot fi utilizate pentru a identifica utilizatorii specifici \u0219i pentru a \u00eembun\u0103t\u0103\u021bi experien\u021ba dumneavoastr\u0103 de navigare pe web. <span class=\"Apple-converted-space\">  <\/span>Datele stocate \u00eentr-un cookie sunt create de server la conectarea dumneavoastr\u0103. Aceste date sunt etichetate cu un ID unic pentru dumneavoastr\u0103 \u0219i computerul dumneavoastr\u0103. <\/p><p class=\"p1\">C\u00e2nd cookie-ul este schimbat \u00eentre computerul dumneavoastr\u0103 \u0219i serverul re\u021belei, serverul cite\u0219te ID-ul \u0219i \u0219tie ce informa\u021bii s\u0103 v\u0103 ofere \u00een mod specific.<span class=\"Apple-converted-space\">  <\/span>Majoritatea computerelor accept\u0103 automat cookie-uri. Navig\u00e2nd \u00een meniul de op\u021biuni al browserului dumneavoastr\u0103, pute\u021bi opri stocarea cookie-urilor pe dispozitivul dumneavoastr\u0103. <\/p><p class=\"p1\">BCC poate plasa un \u201ecookie\u201d pe computerul dumneavoastr\u0103 pentru a ne permite s\u0103 v\u0103 recunoa\u0219tem c\u00e2nd vizita\u021bi site-ul nostru, pentru a v\u0103 oferi o experien\u021b\u0103 personalizat\u0103 \u0219i pentru a urm\u0103ri obiceiurile dumneavoastr\u0103 de vizionare.<span class=\"Apple-converted-space\">  <\/span>Nu folosim cookie-uri pentru a ob\u021bine informa\u021bii personale despre dumneavoastr\u0103 \u00eenainte sau dup\u0103 ce p\u0103r\u0103si\u021bi site-urile BCC.<\/p><p class=\"p1\"><b>Ce tip de informa\u021bii colecteaz\u0103 BCC? <\/b><\/p><p class=\"p1\">BCC colecteaz\u0103 dou\u0103 tipuri separate de informa\u021bii. O categorie este informa\u021bia voluntar\u0103, pe care o furniza\u021bi, inclusiv detalii de membru, detalii de expediere \u0219i plat\u0103 sau informa\u021bii legate de \u00eenregistrarea la evenimente. Al doilea tip de informa\u021bii pe care BCC le colecteaz\u0103 sunt datele utilizatorului, care sunt informa\u021bii furnizate de computerul dumneavoastr\u0103 de fiecare dat\u0103 c\u00e2nd vizita\u021bi acest site web sau de dispozitivul dumneavoastr\u0103 mobil c\u00e2nd face\u021bi cereri prin mesaje text, iar noi r\u0103spundem la acestea.  <\/p><p class=\"p1\"><b>Ce face BCC cu informa\u021biile colectate? <\/b><\/p><p class=\"p1\">Informa\u021biile pe care le colect\u0103m ne permit s\u0103 v\u0103 oferim informa\u021bii \u0219i servicii. Putem combina informa\u021biile pe care le colect\u0103m cu date pe care le ob\u021binem din alte surse. Informa\u021biile dumneavoastr\u0103 personale pot fi utilizate de Novi Christian Academy, Train Station Preschool \u0219i Brightmoor Legacy Foundation, precum \u0219i de BCC, \u00een scopuri legate de biseric\u0103. Aceasta include informa\u021biile pe care le oferi\u021bi BCC sau pe care le colect\u0103m prin acest site web sau prin comunica\u021bii mobile.   <\/p><p class=\"p1\">Nu vom vinde, \u00eenchiria sau \u00eenchiria informa\u021biile dumneavoastr\u0103 personale entit\u0103\u021bilor comerciale. Putem dezv\u0103lui informa\u021biile dumneavoastr\u0103 companiilor care presteaz\u0103 servicii pentru noi, precum \u0219i entit\u0103\u021bilor biserice\u0219ti afiliate sau asociate. Orice informa\u021bie pe care BCC o poate dezv\u0103lui ter\u021bilor (\u00een afar\u0103 de furnizorii de servicii \u0219i entit\u0103\u021bile biserice\u0219ti asociate) va fi disponibil\u0103 doar \u00een form\u0103 agregat\u0103 \u0219i nu va include date de identificare personal\u0103. Pentru marketing \u0219i statistici biserice\u0219ti, informa\u021biile agregate sunt utile. F\u0103r\u0103 permisiunea dumneavoastr\u0103 specific\u0103, BCC nu va dezv\u0103lui niciodat\u0103 numele, adresa, adresa de e-mail sau num\u0103rul de telefon, cu excep\u021bia cazului \u00een care este necesar s\u0103 fac\u0103 acest lucru pentru a respecta legea sau \u00een scopuri legale.    <\/p><p class=\"p1\">A\u021bi putea avea acces la camere de chat, forumuri de mesaje sau alte platforme similare de discu\u021bii prin BCC sau alte organiza\u021bii biserice\u0219ti afiliate. V\u0103 rug\u0103m s\u0103 fi\u021bi informat c\u0103 orice informa\u021bie pe care o dezv\u0103lui\u021bi \u00een aceste arene este considerat\u0103 informa\u021bie public\u0103 \u0219i nu este protejat\u0103.  <\/p><p class=\"p1\"><b>Cum afecteaz\u0103 conectarea la alte site-uri protec\u021biile mele de confiden\u021bialitate? <\/b><\/p><p class=\"p1\">Ca o favoare, BCC ofer\u0103 linkuri c\u0103tre alte site-uri care nu sunt de\u021binute sau controlate de BCC. Unele dintre aceste site-uri pot folosi logo-ul BCC. Totu\u0219i, aceste site-uri ter\u021be nu sunt supuse sau obligate de Politica de Confiden\u021bialitate BCC. Astfel de site-uri ter\u021be pot sau nu s\u0103 aib\u0103 propriile politici de confiden\u021bialitate \u0219i pot sau nu s\u0103 colecteze informa\u021bii personale de la dumneavoastr\u0103 sau s\u0103 plaseze cookie-uri pe dispozitivul dumneavoastr\u0103. BCC nu este responsabil pentru politicile de confiden\u021bialitate sau pentru practicile de colectare a informa\u021biilor ale acestor site-uri sau pentru orice daune care rezult\u0103 din acestea.    <\/p><p class=\"p1\"><b>Cum protejeaz\u0103 BCC securitatea informa\u021biilor colectate despre mine? <\/b><\/p><p class=\"p1\">BCC acord\u0103 o prioritate ridicat\u0103 securit\u0103\u021bii informa\u021biilor pe care le furniza\u021bi. Ca urmare, BCC a luat o serie de m\u0103suri pentru a v\u0103 proteja informa\u021biile. O conexiune SSL (Secure Socket Layer) este utilizat\u0103 pentru orice tranzac\u021bii care necesit\u0103 informa\u021bii sensibile, cum ar fi num\u0103rul \u0219i data de expirare a cardului dumneavoastr\u0103 de credit\/debit. Aceast\u0103 conexiune ofer\u0103 o securitate sporit\u0103 informa\u021biilor pe m\u0103sur\u0103 ce sunt transmise c\u0103tre site-ul nostru web. Dac\u0103 sistemul nostru de securitate este compromis, BCC va \u00eencerca s\u0103 v\u0103 informeze c\u00e2t mai repede posibil.    <\/p><p class=\"p1\"><b>BCC protejeaz\u0103 confiden\u021bialitatea copiilor:<\/b><\/p><p class=\"p1\">Siguran\u021ba \u0219i confiden\u021bialitatea copiilor sunt priorit\u0103\u021bi pentru BCC. F\u0103r\u0103 consim\u021b\u0103m\u00e2ntul verificabil al p\u0103rin\u021bilor, BCC nu va colecta \u00een mod con\u0219tient informa\u021bii de identificare personal\u0103 de la minori sub v\u00e2rsta de 13 ani. V\u0103 rug\u0103m s\u0103 ne contacta\u021bi dac\u0103 ave\u021bi \u00eentreb\u0103ri sau nel\u0103muriri cu privire la modul \u00een care este protejat\u0103 confiden\u021bialitatea copiilor sau dac\u0103 p\u0103rin\u021bii doresc s\u0103 refuze consim\u021b\u0103m\u00e2ntul \u0219i s\u0103 solicite BCC s\u0103 \u0219tearg\u0103 informa\u021biile copilului lor.  <\/p><p class=\"p1\"><b>BCC \u00ee\u0219i rezerv\u0103 dreptul de a modifica sau amenda aceast\u0103 politic\u0103:<\/b><\/p><p class=\"p1\">Aceast\u0103 politic\u0103 este valabil\u0103 \u00eencep\u00e2nd cu 1 iunie 2023. BCC \u00ee\u0219i rezerv\u0103 dreptul de a modifica, amenda sau reformula aceast\u0103 politic\u0103. Pentru a afla cele mai recente politici, ar trebui s\u0103 verifica\u021bi periodic aceast\u0103 pagin\u0103. Condi\u021biile acestei politici de confiden\u021bialitate vor continua s\u0103 se aplice oric\u0103ror informa\u021bii ob\u021binute conform politicii existente. Toate informa\u021biile noi colectate dup\u0103 ce modific\u0103rile intr\u0103 \u00een vigoare, dac\u0103 exist\u0103, vor fi guvernate de politica de confiden\u021bialitate revizuit\u0103.    <\/p><p class=\"p1\"><b>Consim\u021b\u0103m\u00e2ntul dumneavoastr\u0103 afirmativ pentru colectarea \u0219i utilizarea de c\u0103tre Brightmoor a informa\u021biilor de identificare personal\u0103:<\/b><\/p><p class=\"p1\">Prin utilizarea acestui site BCC, ne oferi\u021bi consim\u021b\u0103m\u00e2ntul dumneavoastr\u0103 expres pentru a utiliza informa\u021biile pe care le colect\u0103m despre dumneavoastr\u0103 \u00een modul descris \u00een aceast\u0103 Politic\u0103 de Confiden\u021bialitate.<\/p><p class=\"p1\"><b>\u00centreb\u0103ri sau nel\u0103muriri? <\/b><\/p><p class=\"p1\">Dac\u0103 ave\u021bi \u00eentreb\u0103ri sau nel\u0103muriri cu privire la aceast\u0103 Politic\u0103 de Confiden\u021bialitate, v\u0103 rug\u0103m s\u0103 contacta\u021bi biroul Bisericii Brightmoor la <a href=\"mailto:reports@brightmoorcc.org\"><span class=\"s1\">reports@brightmoorcc.org<\/span><\/a> <\/p>\t\t\t\t\t\t\t\t<\/div>\n\t\t\t\t\t<\/div>\n\t\t\t\t<\/div>\n\t\t\t\t<\/div>\n\t\t","protected":false},"excerpt":{"rendered":"<p>POLITICA DE CONFIDEN\u021aIALITATE BRIGHTMOOR Biserica Cre\u0219tin\u0103 Brightmoor (\u201enoi,\u201d \u201enou\u0103,\u201d sau \u201eBCC\u201d) v\u0103 ofer\u0103 (denumit \u201edumneavoastr\u0103\u201d sau \u201eUtilizator\u201d) acces la acest site web sau aplica\u021bie pentru smartphone (fiecare denumit \u201eSite\u201d). Tipurile de informa\u021bii personale \u0219i non-personale pe care le colect\u0103m pe Site, modul \u00een care folosim aceste informa\u021bii \u0219i cui \u0219i \u00een ce condi\u021bii le putem [&hellip;]<\/p>\n","protected":false},"author":1,"featured_media":0,"parent":0,"menu_order":23,"comment_status":"closed","ping_status":"open","template":"","meta":{"footnotes":""},"class_list":["post-22306","page","type-page","status-publish","hentry"],"_links":{"self":[{"href":"https:\/\/brightmoorchurch.org\/ro\/wp-json\/wp\/v2\/pages\/22306","targetHints":{"allow":["GET"]}}],"collection":[{"href":"https:\/\/brightmoorchurch.org\/ro\/wp-json\/wp\/v2\/pages"}],"about":[{"href":"https:\/\/brightmoorchurch.org\/ro\/wp-json\/wp\/v2\/types\/page"}],"author":[{"embeddable":true,"href":"https:\/\/brightmoorchurch.org\/ro\/wp-json\/wp\/v2\/users\/1"}],"replies":[{"embeddable":true,"href":"https:\/\/brightmoorchurch.org\/ro\/wp-json\/wp\/v2\/comments?post=22306"}],"version-history":[{"count":0,"href":"https:\/\/brightmoorchurch.org\/ro\/wp-json\/wp\/v2\/pages\/22306\/revisions"}],"wp:attachment":[{"href":"https:\/\/brightmoorchurch.org\/ro\/wp-json\/wp\/v2\/media?parent=22306"}],"curies":[{"name":"wp","href":"https:\/\/api.w.org\/{rel}","templated":true}]}}