{"id":21762,"date":"2025-01-14T16:57:59","date_gmt":"2025-01-14T21:57:59","guid":{"rendered":"https:\/\/brightmoorchurch.org\/declaratii\/"},"modified":"2025-07-30T14:21:10","modified_gmt":"2025-07-30T18:21:10","slug":"declaratii","status":"publish","type":"page","link":"https:\/\/brightmoorchurch.org\/ro\/doneaza\/declaratii\/","title":{"rendered":"Declara\u021bii"},"content":{"rendered":"\t\t<div data-elementor-type=\"wp-page\" data-elementor-id=\"21762\" class=\"elementor elementor-21762 elementor-15057\" data-elementor-post-type=\"page\">\n\t\t\t\t<div class=\"elementor-element elementor-element-22a2681 e-flex e-con-boxed e-con e-parent\" data-id=\"22a2681\" data-element_type=\"container\" data-e-type=\"container\" data-settings=\"{&quot;background_background&quot;:&quot;classic&quot;}\">\n\t\t\t\t\t<div class=\"e-con-inner\">\n\t\t\t\t<div class=\"elementor-element elementor-element-10657aa elementor-widget__width-initial elementor-widget elementor-widget-heading\" data-id=\"10657aa\" data-element_type=\"widget\" data-e-type=\"widget\" data-widget_type=\"heading.default\">\n\t\t\t\t\t<h1 class=\"elementor-heading-title elementor-size-default\">Cum s\u0103 vizualiza\u021bi declara\u021biile de dona\u021bii folosind un browser web\n<\/h1>\t\t\t\t<\/div>\n\t\t\t\t<div class=\"elementor-element elementor-element-ba6afff elementor-widget elementor-widget-button\" data-id=\"ba6afff\" data-element_type=\"widget\" data-e-type=\"widget\" data-widget_type=\"button.default\">\n\t\t\t\t\t\t\t\t\t\t<a class=\"elementor-button elementor-button-link elementor-size-sm elementor-animation-pulse-shrink\" href=\"https:\/\/pushpay.com\/g\/brightmoorchurch\" target=\"_blank\" rel=\"noopener\">\n\t\t\t\t\t\t<span class=\"elementor-button-content-wrapper\">\n\t\t\t\t\t\t<span class=\"elementor-button-icon\">\n\t\t\t\t<svg aria-hidden=\"true\" class=\"e-font-icon-svg e-fas-hand-holding-heart\" viewBox=\"0 0 576 512\" xmlns=\"http:\/\/www.w3.org\/2000\/svg\"><path d=\"M275.3 250.5c7 7.4 18.4 7.4 25.5 0l108.9-114.2c31.6-33.2 29.8-88.2-5.6-118.8-30.8-26.7-76.7-21.9-104.9 7.7L288 36.9l-11.1-11.6C248.7-4.4 202.8-9.2 172 17.5c-35.3 30.6-37.2 85.6-5.6 118.8l108.9 114.2zm290 77.6c-11.8-10.7-30.2-10-42.6 0L430.3 402c-11.3 9.1-25.4 14-40 14H272c-8.8 0-16-7.2-16-16s7.2-16 16-16h78.3c15.9 0 30.7-10.9 33.3-26.6 3.3-20-12.1-37.4-31.6-37.4H192c-27 0-53.1 9.3-74.1 26.3L71.4 384H16c-8.8 0-16 7.2-16 16v96c0 8.8 7.2 16 16 16h356.8c14.5 0 28.6-4.9 40-14L564 377c15.2-12.1 16.4-35.3 1.3-48.9z\"><\/path><\/svg>\t\t\t<\/span>\n\t\t\t\t\t\t\t\t\t<span class=\"elementor-button-text\">AP\u0102SA\u021aI PENTRU A DONA<\/span>\n\t\t\t\t\t<\/span>\n\t\t\t\t\t<\/a>\n\t\t\t\t\t\t\t\t<\/div>\n\t\t\t\t\t<\/div>\n\t\t\t\t<\/div>\n\t\t<div class=\"elementor-element elementor-element-71d544e e-flex e-con-boxed e-con e-parent\" data-id=\"71d544e\" data-element_type=\"container\" data-e-type=\"container\" data-settings=\"{&quot;background_background&quot;:&quot;classic&quot;}\">\n\t\t\t\t\t<div class=\"e-con-inner\">\n\t\t\t\t<div class=\"elementor-element elementor-element-18f61b0 elementor-widget elementor-widget-heading\" data-id=\"18f61b0\" data-element_type=\"widget\" data-e-type=\"widget\" data-widget_type=\"heading.default\">\n\t\t\t\t\t<h2 class=\"elementor-heading-title elementor-size-default\">Prezentare general\u0103<\/h2>\t\t\t\t<\/div>\n\t\t\t\t<div class=\"elementor-element elementor-element-a94ed78 elementor-widget elementor-widget-text-editor\" data-id=\"a94ed78\" data-element_type=\"widget\" data-e-type=\"widget\" data-widget_type=\"text-editor.default\">\n\t\t\t\t\t\t\t\t\t<p>Trebuie s\u0103 vizualiza\u021bi o \u00eenregistrare a dona\u021biilor dvs. totale pentru trimestru sau pentru an? Cu func\u021bia Declara\u021bii de dona\u021bii, pute\u021bi accesa rapid toate \u00eenregistr\u0103rile dona\u021biilor dvs. Pushpay \u00een scopuri fiscale, a\u0219a cum <a href=\"https:\/\/www.irs.gov\/charities-non-profits\/charitable-organizations\/charitable-contributions-written-acknowledgments\" target=\"_blank\" rel=\"noopener\">este specificat de IRS<\/a>, direct din contul dvs. Pushpay. <\/p><p>Dac\u0103 ave\u021bi \u00eentreb\u0103ri specifice despre declara\u021bia dvs. de dona\u021bii, consulta\u021bi \u00eentreb\u0103rile frecvente <a href=\"https:\/\/help.pushpay.com\/s\/knowledge\/Does-Pushpay-provide-me-with-a-Year-End-Tax-Statement?topic=All\" target=\"_blank\" rel=\"noopener\">aici<\/a>.<\/p><p>\u0218tim c\u0103 poate fi necesar s\u0103 vizualiza\u021bi aceste informa\u021bii pe telefonul mobil sau pe un computer desktop, \u00een diferite situa\u021bii. Accesa\u021bi linkul de mai jos pentru a g\u0103si pa\u0219ii pentru experien\u021ba preferat\u0103: <\/p>\t\t\t\t\t\t\t\t<\/div>\n\t\t\t\t<div class=\"elementor-element elementor-element-fd355a6 elementor-widget elementor-widget-heading\" data-id=\"fd355a6\" data-element_type=\"widget\" data-e-type=\"widget\" data-widget_type=\"heading.default\">\n\t\t\t\t\t<p class=\"elementor-heading-title elementor-size-default\"><a href=\"#desktop\">Experien\u021ba desktop<\/a><\/p>\t\t\t\t<\/div>\n\t\t\t\t<div class=\"elementor-element elementor-element-d0efeb6 elementor-widget elementor-widget-heading\" data-id=\"d0efeb6\" data-element_type=\"widget\" data-e-type=\"widget\" data-widget_type=\"heading.default\">\n\t\t\t\t\t<p class=\"elementor-heading-title elementor-size-default\"><a href=\"#mobile\">Experien\u021ba mobil\u0103<\/a><\/p>\t\t\t\t<\/div>\n\t\t\t\t<div class=\"elementor-element elementor-element-4549036 elementor-widget elementor-widget-text-editor\" data-id=\"4549036\" data-element_type=\"widget\" data-e-type=\"widget\" data-widget_type=\"text-editor.default\">\n\t\t\t\t\t\t\t\t\t<p>Sau, dac\u0103 prefera\u021bi s\u0103 vizualiza\u021bi declara\u021bia (declara\u021biile) din aplica\u021bia Brightmoor, pute\u021bi g\u0103si instruc\u021biuni <a href=\"https:\/\/help.pushpay.com\/s\/knowledge\/How-to-View-My-Giving-Statements-in-the-App\" target=\"_blank\" rel=\"noopener\">aici<\/a>.<\/p>\t\t\t\t\t\t\t\t<\/div>\n\t\t\t\t<div class=\"elementor-element elementor-element-d5bf8f0 elementor-widget-divider--view-line elementor-widget elementor-widget-divider\" data-id=\"d5bf8f0\" data-element_type=\"widget\" data-e-type=\"widget\" id=\"desktop\" data-widget_type=\"divider.default\">\n\t\t\t\t\t\t\t<div class=\"elementor-divider\">\n\t\t\t<span class=\"elementor-divider-separator\">\n\t\t\t\t\t\t<\/span>\n\t\t<\/div>\n\t\t\t\t\t\t<\/div>\n\t\t\t\t<div class=\"elementor-element elementor-element-47a6d82 elementor-widget elementor-widget-heading\" data-id=\"47a6d82\" data-element_type=\"widget\" data-e-type=\"widget\" data-widget_type=\"heading.default\">\n\t\t\t\t\t<h2 class=\"elementor-heading-title elementor-size-default\">Vizualizarea declara\u021biilor de dona\u021bii - experien\u021ba desktop\n<\/h2>\t\t\t\t<\/div>\n\t\t\t\t<div class=\"elementor-element elementor-element-a7f4645 elementor-widget elementor-widget-text-editor\" data-id=\"a7f4645\" data-element_type=\"widget\" data-e-type=\"widget\" data-widget_type=\"text-editor.default\">\n\t\t\t\t\t\t\t\t\t<p>1. Conecta\u021bi-v\u0103 la <a href=\"https:\/\/www.pushpay.com\/login\" target=\"_blank\" rel=\"noopener\">contul dvs. Pushpay<\/a> folosind <a href=\"https:\/\/help.pushpay.com\/s\/knowledge\/Passwordless-Sign-In-Overview\" target=\"_blank\" rel=\"noopener\">num\u0103rul dvs. de telefon mobil<\/a> sau <a href=\"https:\/\/help.pushpay.com\/s\/knowledge\/How-to-Login-with-a-Password-to-my-Pushpay-Account\" target=\"_blank\" rel=\"noopener\">e-mail \u0219i parola<\/a>.<\/p><p>2. Odat\u0103 ce v-a\u021bi conectat, selecta\u021bi \u201eDeclara\u021bii de dona\u021bii\u201d din bara de meniu din st\u00e2nga.<\/p>\t\t\t\t\t\t\t\t<\/div>\n\t\t\t\t<div class=\"elementor-element elementor-element-64b4c26 elementor-widget elementor-widget-image\" data-id=\"64b4c26\" data-element_type=\"widget\" data-e-type=\"widget\" data-widget_type=\"image.default\">\n\t\t\t\t\t\t\t\t\t\t\t\t\t\t\t\t<a href=\"https:\/\/designccb.s3.us-east-1.amazonaws.com\/helpdesk\/images\/How+to+View+GS+in+browser+1.png\" data-elementor-open-lightbox=\"yes\" data-e-action-hash=\"#elementor-action%3Aaction%3Dlightbox%26settings%3DW10%3D\" target=\"_blank\" rel=\"noopener\">\n\t\t\t\t\t\t\t<img decoding=\"async\" src=\"https:\/\/designccb.s3.us-east-1.amazonaws.com\/helpdesk\/images\/How+to+View+GS+in+browser+1.png\" title=\"\" alt=\"\" loading=\"lazy\" \/>\t\t\t\t\t\t\t\t<\/a>\n\t\t\t\t\t\t\t\t\t\t\t\t\t\t\t<\/div>\n\t\t\t\t<div class=\"elementor-element elementor-element-9224972 elementor-widget elementor-widget-text-editor\" data-id=\"9224972\" data-element_type=\"widget\" data-e-type=\"widget\" data-widget_type=\"text-editor.default\">\n\t\t\t\t\t\t\t\t\t<p>3. Toate declara\u021biile de dona\u021bii publicate, legate de profilul dvs., vor fi afi\u0219ate aici. \u00cen partea dreapt\u0103, pute\u021bi alege s\u0103 \u201eVizualiza\u021bi\u201d sau s\u0103 \u201eDesc\u0103rca\u021bi\u201d declara\u021bia de dona\u021bii dorit\u0103. <\/p>\t\t\t\t\t\t\t\t<\/div>\n\t\t\t\t<div class=\"elementor-element elementor-element-c820bce elementor-widget elementor-widget-image\" data-id=\"c820bce\" data-element_type=\"widget\" data-e-type=\"widget\" data-widget_type=\"image.default\">\n\t\t\t\t\t\t\t\t\t\t\t\t\t\t\t\t<a href=\"https:\/\/designccb.s3.us-east-1.amazonaws.com\/helpdesk\/images\/How+to+View+GS+in+browser+2.png\" data-elementor-open-lightbox=\"yes\" data-e-action-hash=\"#elementor-action%3Aaction%3Dlightbox%26settings%3DW10%3D\" target=\"_blank\" rel=\"noopener\">\n\t\t\t\t\t\t\t<img decoding=\"async\" src=\"https:\/\/designccb.s3.us-east-1.amazonaws.com\/helpdesk\/images\/How+to+View+GS+in+browser+2.png\" title=\"\" alt=\"\" loading=\"lazy\" \/>\t\t\t\t\t\t\t\t<\/a>\n\t\t\t\t\t\t\t\t\t\t\t\t\t\t\t<\/div>\n\t\t\t\t<div class=\"elementor-element elementor-element-c1776d8 elementor-widget-divider--view-line elementor-widget elementor-widget-divider\" data-id=\"c1776d8\" data-element_type=\"widget\" data-e-type=\"widget\" id=\"mobile\" data-widget_type=\"divider.default\">\n\t\t\t\t\t\t\t<div class=\"elementor-divider\">\n\t\t\t<span class=\"elementor-divider-separator\">\n\t\t\t\t\t\t<\/span>\n\t\t<\/div>\n\t\t\t\t\t\t<\/div>\n\t\t\t\t<div class=\"elementor-element elementor-element-cb2d037 elementor-widget elementor-widget-heading\" data-id=\"cb2d037\" data-element_type=\"widget\" data-e-type=\"widget\" data-widget_type=\"heading.default\">\n\t\t\t\t\t<h2 class=\"elementor-heading-title elementor-size-default\">Vizualizarea declara\u021biilor de dona\u021bii - Experien\u021ba mobil\u0103\n<\/h2>\t\t\t\t<\/div>\n\t\t\t\t<div class=\"elementor-element elementor-element-46ecfce elementor-widget elementor-widget-text-editor\" data-id=\"46ecfce\" data-element_type=\"widget\" data-e-type=\"widget\" data-widget_type=\"text-editor.default\">\n\t\t\t\t\t\t\t\t\t<p>1. Conecta\u021bi-v\u0103 la <a href=\"https:\/\/www.pushpay.com\/login\" target=\"_blank\" rel=\"noopener\">contul dvs. Pushpay<\/a> folosind <a href=\"https:\/\/help.pushpay.com\/s\/knowledge\/Passwordless-Sign-In-Overview\" target=\"_blank\" rel=\"noopener\">num\u0103rul dvs. de telefon mobil<\/a> sau <a href=\"https:\/\/help.pushpay.com\/s\/knowledge\/How-to-Login-with-a-Password-to-my-Pushpay-Account\" target=\"_blank\" rel=\"noopener\">e-mail \u0219i parola<\/a>.<\/p><p>2. Din ecranul \u201eBun venit\u201d, atinge\u021bi pictograma de meniu din col\u021bul din st\u00e2nga sus.<\/p>\t\t\t\t\t\t\t\t<\/div>\n\t\t\t\t<div class=\"elementor-element elementor-element-b8bcab3 elementor-widget elementor-widget-image\" data-id=\"b8bcab3\" data-element_type=\"widget\" data-e-type=\"widget\" data-widget_type=\"image.default\">\n\t\t\t\t\t\t\t\t\t\t\t\t\t\t\t\t<a href=\"https:\/\/designccb.s3.us-east-1.amazonaws.com\/helpdesk\/images\/How+to+View+GS+in+browser+3.png\" data-elementor-open-lightbox=\"yes\" data-e-action-hash=\"#elementor-action%3Aaction%3Dlightbox%26settings%3DW10%3D\" target=\"_blank\" rel=\"noopener\">\n\t\t\t\t\t\t\t<img decoding=\"async\" src=\"https:\/\/designccb.s3.us-east-1.amazonaws.com\/helpdesk\/images\/How+to+View+GS+in+browser+3.png\" title=\"\" alt=\"\" loading=\"lazy\" \/>\t\t\t\t\t\t\t\t<\/a>\n\t\t\t\t\t\t\t\t\t\t\t\t\t\t\t<\/div>\n\t\t\t\t<div class=\"elementor-element elementor-element-967d0e3 elementor-widget elementor-widget-text-editor\" data-id=\"967d0e3\" data-element_type=\"widget\" data-e-type=\"widget\" data-widget_type=\"text-editor.default\">\n\t\t\t\t\t\t\t\t\t<p>3. Din meniul derulant, selecta\u021bi \u201eDeclara\u021bii de dona\u021bii\u201d.<\/p>\t\t\t\t\t\t\t\t<\/div>\n\t\t\t\t<div class=\"elementor-element elementor-element-1a99c9e elementor-widget elementor-widget-image\" data-id=\"1a99c9e\" data-element_type=\"widget\" data-e-type=\"widget\" data-widget_type=\"image.default\">\n\t\t\t\t\t\t\t\t\t\t\t\t\t\t\t\t<a href=\"https:\/\/designccb.s3.us-east-1.amazonaws.com\/helpdesk\/images\/How+to+View+GS+in+browser+4.png\" data-elementor-open-lightbox=\"yes\" data-e-action-hash=\"#elementor-action%3Aaction%3Dlightbox%26settings%3DW10%3D\" target=\"_blank\" rel=\"noopener\">\n\t\t\t\t\t\t\t<img decoding=\"async\" src=\"https:\/\/designccb.s3.us-east-1.amazonaws.com\/helpdesk\/images\/How+to+View+GS+in+browser+4.png\" title=\"\" alt=\"\" loading=\"lazy\" \/>\t\t\t\t\t\t\t\t<\/a>\n\t\t\t\t\t\t\t\t\t\t\t\t\t\t\t<\/div>\n\t\t\t\t<div class=\"elementor-element elementor-element-55689a7 elementor-widget elementor-widget-text-editor\" data-id=\"55689a7\" data-element_type=\"widget\" data-e-type=\"widget\" data-widget_type=\"text-editor.default\">\n\t\t\t\t\t\t\t\t\t<p>4. Ve\u021bi vedea o list\u0103 cu toate declara\u021biile de dona\u021bii publicate. Atinge\u021bi \u201eVizualizare\u201d pentru a deschide declara\u021bia dorit\u0103. <\/p>\t\t\t\t\t\t\t\t<\/div>\n\t\t\t\t<div class=\"elementor-element elementor-element-c9650ab elementor-widget elementor-widget-image\" data-id=\"c9650ab\" data-element_type=\"widget\" data-e-type=\"widget\" data-widget_type=\"image.default\">\n\t\t\t\t\t\t\t\t\t\t\t\t\t\t\t\t<a href=\"https:\/\/designccb.s3.us-east-1.amazonaws.com\/helpdesk\/images\/How+to+View+GS+in+browser+5.png\" data-elementor-open-lightbox=\"yes\" data-e-action-hash=\"#elementor-action%3Aaction%3Dlightbox%26settings%3DW10%3D\" target=\"_blank\" rel=\"noopener\">\n\t\t\t\t\t\t\t<img decoding=\"async\" src=\"https:\/\/designccb.s3.us-east-1.amazonaws.com\/helpdesk\/images\/How+to+View+GS+in+browser+5.png\" title=\"\" alt=\"\" loading=\"lazy\" \/>\t\t\t\t\t\t\t\t<\/a>\n\t\t\t\t\t\t\t\t\t\t\t\t\t\t\t<\/div>\n\t\t\t\t<div class=\"elementor-element elementor-element-81b84f2 elementor-widget elementor-widget-heading\" data-id=\"81b84f2\" data-element_type=\"widget\" data-e-type=\"widget\" data-widget_type=\"heading.default\">\n\t\t\t\t\t<p class=\"elementor-heading-title elementor-size-default\">Not\u0103: pa\u0219ii pentru a desc\u0103rca declara\u021bia (declara\u021biile) de dona\u021bii de pe un dispozitiv mobil pot varia, \u00een func\u021bie de sistemul de operare \u0219i modelul dispozitivului. Pentru majoritatea telefoanelor \u0219i tabletelor, ar trebui s\u0103 vede\u021bi un tip de pictogram\u0103 \u201es\u0103geat\u0103 \u00een jos\u201d sau butonul \u201esalvare\/desc\u0103rcare\u201d atunci c\u00e2nd vizualiza\u021bi declara\u021bia. <\/p>\t\t\t\t<\/div>\n\t\t\t\t\t<\/div>\n\t\t\t\t<\/div>\n\t\t\t\t<\/div>\n\t\t","protected":false},"excerpt":{"rendered":"<p>Cum s\u0103 vizualiza\u021bi declara\u021biile de dona\u021bii folosind un browser web AP\u0102SA\u021aI PENTRU A DONA Prezentare general\u0103 Trebuie s\u0103 vizualiza\u021bi o \u00eenregistrare a dona\u021biilor dvs. totale pentru trimestru sau pentru an? Cu func\u021bia Declara\u021bii de dona\u021bii, pute\u021bi accesa rapid toate \u00eenregistr\u0103rile dona\u021biilor dvs. Pushpay \u00een scopuri fiscale, a\u0219a cum este specificat de IRS, direct din contul [&hellip;]<\/p>\n","protected":false},"author":1,"featured_media":0,"parent":22640,"menu_order":26,"comment_status":"closed","ping_status":"closed","template":"","meta":{"footnotes":""},"class_list":["post-21762","page","type-page","status-publish","hentry"],"_links":{"self":[{"href":"https:\/\/brightmoorchurch.org\/ro\/wp-json\/wp\/v2\/pages\/21762","targetHints":{"allow":["GET"]}}],"collection":[{"href":"https:\/\/brightmoorchurch.org\/ro\/wp-json\/wp\/v2\/pages"}],"about":[{"href":"https:\/\/brightmoorchurch.org\/ro\/wp-json\/wp\/v2\/types\/page"}],"author":[{"embeddable":true,"href":"https:\/\/brightmoorchurch.org\/ro\/wp-json\/wp\/v2\/users\/1"}],"replies":[{"embeddable":true,"href":"https:\/\/brightmoorchurch.org\/ro\/wp-json\/wp\/v2\/comments?post=21762"}],"version-history":[{"count":0,"href":"https:\/\/brightmoorchurch.org\/ro\/wp-json\/wp\/v2\/pages\/21762\/revisions"}],"up":[{"embeddable":true,"href":"https:\/\/brightmoorchurch.org\/ro\/wp-json\/wp\/v2\/pages\/22640"}],"wp:attachment":[{"href":"https:\/\/brightmoorchurch.org\/ro\/wp-json\/wp\/v2\/media?parent=21762"}],"curies":[{"name":"wp","href":"https:\/\/api.w.org\/{rel}","templated":true}]}}