{"id":21704,"date":"2024-04-10T15:49:28","date_gmt":"2024-04-10T19:49:28","guid":{"rendered":"https:\/\/brightmoorchurch.org\/lucrari\/"},"modified":"2024-04-10T15:49:28","modified_gmt":"2024-04-10T19:49:28","slug":"lucrari","status":"publish","type":"page","link":"https:\/\/brightmoorchurch.org\/ro\/lucrari\/","title":{"rendered":"Lucr\u0103ri"},"content":{"rendered":"\t\t<div data-elementor-type=\"wp-page\" data-elementor-id=\"21704\" class=\"elementor elementor-21704 elementor-13568\" data-elementor-post-type=\"page\">\n\t\t\t\t<div class=\"elementor-element elementor-element-6e7696b e-flex e-con-boxed e-con e-parent\" data-id=\"6e7696b\" data-element_type=\"container\" data-e-type=\"container\" data-settings=\"{&quot;background_background&quot;:&quot;classic&quot;}\">\n\t\t\t\t\t<div class=\"e-con-inner\">\n\t\t<div class=\"elementor-element elementor-element-672e444 e-con-full e-flex e-con e-child\" data-id=\"672e444\" data-element_type=\"container\" data-e-type=\"container\">\n\t\t\t\t<div class=\"elementor-element elementor-element-8ee08b0 elementor-widget elementor-widget-heading\" data-id=\"8ee08b0\" data-element_type=\"widget\" data-e-type=\"widget\" data-widget_type=\"heading.default\">\n\t\t\t\t\t<h1 class=\"elementor-heading-title elementor-size-default\">Ministries<\/h1>\t\t\t\t<\/div>\n\t\t\t\t<\/div>\n\t\t\t\t\t<\/div>\n\t\t\t\t<\/div>\n\t\t<div class=\"elementor-element elementor-element-af6b986 e-flex e-con-boxed e-con e-child\" data-id=\"af6b986\" data-element_type=\"container\" data-e-type=\"container\" data-settings=\"{&quot;background_background&quot;:&quot;classic&quot;}\">\n\t\t\t\t\t<div class=\"e-con-inner\">\n\t\t<a class=\"elementor-element elementor-element-a1ead09 e-con-full e-flex e-con e-child\" data-id=\"a1ead09\" data-element_type=\"container\" data-e-type=\"container\" data-settings=\"{&quot;background_background&quot;:&quot;classic&quot;}\" href=\"\/kids\/\">\n\t\t\t\t<div class=\"elementor-element elementor-element-b138517 elementor-widget__width-inherit elementor-widget elementor-widget-heading\" data-id=\"b138517\" data-element_type=\"widget\" data-e-type=\"widget\" data-widget_type=\"heading.default\">\n\t\t\t\t\t<p class=\"elementor-heading-title elementor-size-default\">KIDS<\/p>\t\t\t\t<\/div>\n\t\t\t\t<\/a>\n\t\t<a class=\"elementor-element elementor-element-30c4ba4 e-con-full e-flex e-con e-child\" data-id=\"30c4ba4\" data-element_type=\"container\" data-e-type=\"container\" data-settings=\"{&quot;background_background&quot;:&quot;classic&quot;}\" href=\"\/youth\/\">\n\t\t\t\t<div class=\"elementor-element elementor-element-e4cc22c elementor-widget__width-inherit elementor-widget elementor-widget-heading\" data-id=\"e4cc22c\" data-element_type=\"widget\" data-e-type=\"widget\" data-widget_type=\"heading.default\">\n\t\t\t\t\t<p class=\"elementor-heading-title elementor-size-default\">YOUTH<\/p>\t\t\t\t<\/div>\n\t\t\t\t<\/a>\n\t\t<a class=\"elementor-element elementor-element-32ada1c e-con-full e-flex e-con e-child\" data-id=\"32ada1c\" data-element_type=\"container\" data-e-type=\"container\" data-settings=\"{&quot;background_background&quot;:&quot;classic&quot;}\" href=\"\/young-adults\/\">\n\t\t\t\t<div class=\"elementor-element elementor-element-871c08a elementor-widget__width-inherit elementor-widget elementor-widget-heading\" data-id=\"871c08a\" data-element_type=\"widget\" data-e-type=\"widget\" data-widget_type=\"heading.default\">\n\t\t\t\t\t<p class=\"elementor-heading-title elementor-size-default\">YOUNG ADULTS<\/p>\t\t\t\t<\/div>\n\t\t\t\t<\/a>\n\t\t<a class=\"elementor-element elementor-element-d4cd24c e-con-full e-flex e-con e-child\" data-id=\"d4cd24c\" data-element_type=\"container\" data-e-type=\"container\" data-settings=\"{&quot;background_background&quot;:&quot;classic&quot;}\" href=\"\/adults\/\">\n\t\t\t\t<div class=\"elementor-element elementor-element-91a4f98 elementor-widget__width-inherit elementor-widget elementor-widget-heading\" data-id=\"91a4f98\" data-element_type=\"widget\" data-e-type=\"widget\" data-widget_type=\"heading.default\">\n\t\t\t\t\t<p class=\"elementor-heading-title elementor-size-default\">ADULTS<\/p>\t\t\t\t<\/div>\n\t\t\t\t<\/a>\n\t\t<a class=\"elementor-element elementor-element-50627e2 e-con-full e-flex e-con e-child\" data-id=\"50627e2\" data-element_type=\"container\" data-e-type=\"container\" data-settings=\"{&quot;background_background&quot;:&quot;classic&quot;}\" href=\"\/mens-ministry\/\">\n\t\t\t\t<div class=\"elementor-element elementor-element-5fb0833 elementor-widget__width-inherit elementor-widget elementor-widget-heading\" data-id=\"5fb0833\" data-element_type=\"widget\" data-e-type=\"widget\" data-widget_type=\"heading.default\">\n\t\t\t\t\t<p class=\"elementor-heading-title elementor-size-default\">MEN'S MINISTRY<\/p>\t\t\t\t<\/div>\n\t\t\t\t<\/a>\n\t\t<a class=\"elementor-element elementor-element-898ef50 e-con-full e-flex e-con e-child\" data-id=\"898ef50\" data-element_type=\"container\" data-e-type=\"container\" data-settings=\"{&quot;background_background&quot;:&quot;classic&quot;}\" href=\"\/womens-ministry\/\">\n\t\t\t\t<div class=\"elementor-element elementor-element-67802b6 elementor-widget__width-inherit elementor-widget elementor-widget-heading\" data-id=\"67802b6\" data-element_type=\"widget\" data-e-type=\"widget\" data-widget_type=\"heading.default\">\n\t\t\t\t\t<p class=\"elementor-heading-title elementor-size-default\">SISTERHOOD<\/p>\t\t\t\t<\/div>\n\t\t\t\t<\/a>\n\t\t<a class=\"elementor-element elementor-element-0bd289c e-con-full e-flex e-con e-child\" data-id=\"0bd289c\" data-element_type=\"container\" data-e-type=\"container\" data-settings=\"{&quot;background_background&quot;:&quot;classic&quot;}\" href=\"\/prayer\/\">\n\t\t\t\t<div class=\"elementor-element elementor-element-b44b33b elementor-widget__width-inherit elementor-widget elementor-widget-heading\" data-id=\"b44b33b\" data-element_type=\"widget\" data-e-type=\"widget\" data-widget_type=\"heading.default\">\n\t\t\t\t\t<p class=\"elementor-heading-title elementor-size-default\">PRAYER &amp; CARE<\/p>\t\t\t\t<\/div>\n\t\t\t\t<\/a>\n\t\t<a class=\"elementor-element elementor-element-c00e22f e-con-full e-flex e-con e-child\" data-id=\"c00e22f\" data-element_type=\"container\" data-e-type=\"container\" data-settings=\"{&quot;background_background&quot;:&quot;classic&quot;}\" href=\"\/missions\/\">\n\t\t\t\t<div class=\"elementor-element elementor-element-6f28d83 elementor-widget__width-inherit elementor-widget elementor-widget-heading\" data-id=\"6f28d83\" data-element_type=\"widget\" data-e-type=\"widget\" data-widget_type=\"heading.default\">\n\t\t\t\t\t<p class=\"elementor-heading-title elementor-size-default\">MISSIONS &amp; OUTREACH<\/p>\t\t\t\t<\/div>\n\t\t\t\t<\/a>\n\t\t\t\t\t<\/div>\n\t\t\t\t<\/div>\n\t\t\t\t<\/div>\n\t\t","protected":false},"excerpt":{"rendered":"<p>La Biserica Brightmoor din Novi, Michigan, lucr\u0103rile noastre sunt dedicate dezvolt\u0103rii comunit\u0103\u021bii, cre\u0219terii spirituale \u0219i cre\u0103rii de conexiuni semnificative pentru toate v\u00e2rstele \u0219i interesele, ajut\u00e2nd pe toat\u0103 lumea s\u0103 se apropie de Dumnezeu \u0219i unii de al\u021bii.<\/p>\n","protected":false},"author":1,"featured_media":18886,"parent":0,"menu_order":12,"comment_status":"closed","ping_status":"closed","template":"","meta":{"footnotes":""},"class_list":["post-21704","page","type-page","status-publish","has-post-thumbnail","hentry"],"_links":{"self":[{"href":"https:\/\/brightmoorchurch.org\/ro\/wp-json\/wp\/v2\/pages\/21704","targetHints":{"allow":["GET"]}}],"collection":[{"href":"https:\/\/brightmoorchurch.org\/ro\/wp-json\/wp\/v2\/pages"}],"about":[{"href":"https:\/\/brightmoorchurch.org\/ro\/wp-json\/wp\/v2\/types\/page"}],"author":[{"embeddable":true,"href":"https:\/\/brightmoorchurch.org\/ro\/wp-json\/wp\/v2\/users\/1"}],"replies":[{"embeddable":true,"href":"https:\/\/brightmoorchurch.org\/ro\/wp-json\/wp\/v2\/comments?post=21704"}],"version-history":[{"count":0,"href":"https:\/\/brightmoorchurch.org\/ro\/wp-json\/wp\/v2\/pages\/21704\/revisions"}],"wp:featuredmedia":[{"embeddable":true,"href":"https:\/\/brightmoorchurch.org\/ro\/wp-json\/wp\/v2\/media\/18886"}],"wp:attachment":[{"href":"https:\/\/brightmoorchurch.org\/ro\/wp-json\/wp\/v2\/media?parent=21704"}],"curies":[{"name":"wp","href":"https:\/\/api.w.org\/{rel}","templated":true}]}}