{"id":22309,"date":"2023-10-09T14:43:37","date_gmt":"2023-10-09T18:43:37","guid":{"rendered":"https:\/\/brightmoorchurch.org\/politique-de-confidentialite\/"},"modified":"2025-07-30T14:09:48","modified_gmt":"2025-07-30T18:09:48","slug":"politique-de-confidentialite","status":"publish","type":"page","link":"https:\/\/brightmoorchurch.org\/fr\/politique-de-confidentialite\/","title":{"rendered":"Politique de confidentialit\u00e9"},"content":{"rendered":"\t\t<div data-elementor-type=\"wp-page\" data-elementor-id=\"22309\" class=\"elementor elementor-22309 elementor-3\" data-elementor-post-type=\"page\">\n\t\t\t\t<div class=\"elementor-element elementor-element-2ac2bd26 e-flex e-con-boxed e-con e-parent\" data-id=\"2ac2bd26\" data-element_type=\"container\" data-e-type=\"container\" data-settings=\"{&quot;background_background&quot;:&quot;classic&quot;}\">\n\t\t\t\t\t<div class=\"e-con-inner\">\n\t\t\t\t<div class=\"elementor-element elementor-element-528c1a39 elementor-widget elementor-widget-text-editor\" data-id=\"528c1a39\" data-element_type=\"widget\" data-e-type=\"widget\" data-widget_type=\"text-editor.default\">\n\t\t\t\t\t\t\t\t\t<p class=\"p1\"><b>POLITIQUE DE CONFIDENTIALIT\u00c9 DE BRIGHTMOOR <\/b><\/p><p class=\"p1\">L&rsquo;\u00c9glise chr\u00e9tienne Brightmoor (\u00ab nous \u00bb, \u00ab notre \u00bb ou \u00ab BCC \u00bb) vous fournit (d\u00e9sign\u00e9 comme \u00ab vous \u00bb ou \u00ab Utilisateur \u00bb) l&rsquo;acc\u00e8s \u00e0 ce site web ou application mobile (chacun d\u00e9sign\u00e9 comme le \u00ab Site \u00bb). Les types d&rsquo;informations personnelles et non personnelles que nous recueillons sur le Site, la fa\u00e7on dont nous utilisons ces informations, et \u00e0 qui et dans quelles conditions nous pouvons les divulguer, sont tous couverts par cette d\u00e9claration de confidentialit\u00e9. Vous consentez \u00e0 la collecte, l&rsquo;utilisation et la divulgation de vos Informations personnelles (d\u00e9finies ci-dessous) conform\u00e9ment \u00e0 cette Politique de confidentialit\u00e9 en utilisant le Site. Veuillez vous abstenir d&rsquo;utiliser le Site si vous ne consentez pas aux termes de cette d\u00e9claration de confidentialit\u00e9.   <\/p><p class=\"p1\"><b>Collecte de donn\u00e9es :<\/b><\/p><p class=\"p1\">Lorsque vous visitez ce site ou communiquez avec BCC par appareil mobile, nous pouvons recueillir des donn\u00e9es sur vos habitudes de navigation, votre navigateur, syst\u00e8me d&rsquo;exploitation, adresse IP, et toute information personnellement identifiable que vous choisissez de donner \u00e0 BCC.<\/p><p class=\"p1\"><b>Informations personnellement identifiables :<\/b><\/p><p class=\"p1\">Toute information qui pourrait raisonnablement \u00eatre utilis\u00e9e pour vous identifier personnellement est consid\u00e9r\u00e9e comme une information personnellement identifiable. Le nom, l&rsquo;adresse, l&rsquo;e-mail, le num\u00e9ro de t\u00e9l\u00e9phone, le code postal, le sexe, l&rsquo;anniversaire, les informations de carte de cr\u00e9dit et les loisirs ne sont que quelques exemples. <\/p><p class=\"p1\"><b>Que sont les cookies et comment sont-ils utilis\u00e9s ? <\/b><\/p><p class=\"p1\">Les cookies sont des fichiers texte contenant de petites donn\u00e9es qui sont utilis\u00e9s pour identifier votre ordinateur lorsque vous utilisez un r\u00e9seau informatique. Les cookies peuvent \u00eatre utilis\u00e9s pour identifier des utilisateurs sp\u00e9cifiques et am\u00e9liorer votre exp\u00e9rience de navigation web. <span class=\"Apple-converted-space\">  <\/span>Les donn\u00e9es stock\u00e9es dans un cookie sont cr\u00e9\u00e9es par le serveur lors de votre connexion. Ces donn\u00e9es sont \u00e9tiquet\u00e9es avec un ID unique \u00e0 vous et votre ordinateur. <\/p><p class=\"p1\">Lorsque le cookie est \u00e9chang\u00e9 entre votre ordinateur et le serveur r\u00e9seau, le serveur lit l&rsquo;ID et sait quelles informations vous servir sp\u00e9cifiquement.<span class=\"Apple-converted-space\">  <\/span>La plupart des ordinateurs acceptent les cookies automatiquement. En naviguant vers le menu d&rsquo;options de votre navigateur, vous pouvez emp\u00eacher les cookies d&rsquo;\u00eatre stock\u00e9s sur votre appareil. <\/p><p class=\"p1\">BCC peut placer un \u00ab cookie \u00bb sur votre ordinateur pour nous permettre de vous reconna\u00eetre lorsque vous visitez notre site afin de vous offrir une exp\u00e9rience personnalis\u00e9e et suivre vos habitudes de navigation.<span class=\"Apple-converted-space\">  <\/span>Nous n&rsquo;utilisons pas les cookies pour obtenir des informations personnelles sur vous avant ou apr\u00e8s que vous quittiez les sites BCC.<\/p><p class=\"p1\"><b>Quel type d&rsquo;informations BCC collecte-t-elle ? <\/b><\/p><p class=\"p1\">BCC collecte deux types distincts d&rsquo;informations. Une cat\u00e9gorie est l&rsquo;information volontaire, que vous fournissez, incluant les d\u00e9tails d&rsquo;adh\u00e9sion, les d\u00e9tails d&rsquo;exp\u00e9dition et de paiement, ou les informations li\u00e9es \u00e0 l&rsquo;inscription \u00e0 un \u00e9v\u00e9nement. Le second type d&rsquo;information que BCC recueille est les donn\u00e9es utilisateur, qui sont des informations fournies par votre ordinateur chaque fois que vous visitez ce site web ou par votre appareil mobile lorsque vous faites des demandes de messages texte, et nous y r\u00e9pondons.  <\/p><p class=\"p1\"><b>Que fait BCC avec les informations collect\u00e9es ? <\/b><\/p><p class=\"p1\">Les informations que BCC recueille nous permettent de vous fournir des informations et services. Nous pouvons combiner les informations que nous recueillons avec des donn\u00e9es que nous obtenons d&rsquo;autres sources. Vos informations personnelles peuvent \u00eatre utilis\u00e9es par l&rsquo;Acad\u00e9mie chr\u00e9tienne Novi, l&rsquo;\u00c9cole maternelle Train Station et la Fondation Brightmoor Legacy ainsi que BCC \u00e0 des fins li\u00e9es \u00e0 l&rsquo;\u00e9glise. Cela inclut les informations que vous donnez \u00e0 BCC ou que nous collectons via ce site web ou les communications mobiles.   <\/p><p class=\"p1\">Nous ne vendrons, ne louerons, ni ne c\u00e9derons vos informations personnelles \u00e0 des entit\u00e9s commerciales. Nous pouvons divulguer vos informations \u00e0 des entreprises qui fournissent des services pour nous ainsi qu&rsquo;\u00e0 des entit\u00e9s d&rsquo;\u00e9glise li\u00e9es ou affili\u00e9es. Toute information que BCC peut divulguer \u00e0 des tiers (\u00e0 part les fournisseurs de services et les entit\u00e9s d&rsquo;\u00e9glise li\u00e9es) ne sera rendue disponible qu&rsquo;en agr\u00e9g\u00e9 et n&rsquo;inclura aucune donn\u00e9e personnellement identifiable. Pour le marketing et les statistiques d&rsquo;\u00e9glise, l&rsquo;information agr\u00e9g\u00e9e est utile. Sans votre permission sp\u00e9cifique, BCC ne divulguera jamais votre nom, adresse, adresse e-mail ou num\u00e9ro de t\u00e9l\u00e9phone \u00e0 moins que ce ne soit requis pour se conformer \u00e0 la loi ou \u00e0 des fins l\u00e9gales.    <\/p><p class=\"p1\">Vous pourriez \u00eatre en mesure d&rsquo;acc\u00e9der \u00e0 des salles de discussion, tableaux de messages ou autres plateformes de discussion similaires via BCC ou d&rsquo;autres organisations d&rsquo;\u00e9glise affili\u00e9es. Veuillez noter que toute information que vous divulguez dans ces espaces est consid\u00e9r\u00e9e comme information publique et n&rsquo;est pas prot\u00e9g\u00e9e.  <\/p><p class=\"p1\"><b>Comment les liens vers d&rsquo;autres sites affectent-ils mes protections de confidentialit\u00e9 ? <\/b><\/p><p class=\"p1\">Par courtoisie, BCC fournit des liens vers d&rsquo;autres sites qui ne sont ni poss\u00e9d\u00e9s ni contr\u00f4l\u00e9s par BCC. Certains de ces sites peuvent utiliser le logo BCC. Ces sites tiers, cependant, ne sont PAS sujets \u00e0 ou li\u00e9s par la Politique de confidentialit\u00e9 BCC. De tels sites tiers peuvent ou peuvent ne pas avoir leurs propres politiques de confidentialit\u00e9 et peuvent ou peuvent ne pas collecter des informations personnelles de vous ou placer des cookies sur votre appareil. BCC n&rsquo;est pas responsable des politiques de confidentialit\u00e9 ou des pratiques de collecte d&rsquo;informations de ces sites ou de tout dommage en r\u00e9sultant.    <\/p><p class=\"p1\"><b>Comment BCC prot\u00e8ge-t-elle la s\u00e9curit\u00e9 des informations collect\u00e9es sur moi ? <\/b><\/p><p class=\"p1\">BCC accorde une haute priorit\u00e9 \u00e0 la s\u00e9curit\u00e9 des informations que vous fournissez. En cons\u00e9quence, BCC a pris un certain nombre de mesures pour prot\u00e9ger vos informations. Une connexion SSL (Secure Socket Layer) est utilis\u00e9e pour toute transaction n\u00e9cessitant des informations sensibles, telles que votre num\u00e9ro de carte de cr\u00e9dit\/d\u00e9bit et date d&rsquo;expiration. Cette connexion fournit une s\u00e9curit\u00e9 accrue aux informations lors de leur transmission vers notre site web. Si notre syst\u00e8me de s\u00e9curit\u00e9 est compromis, BCC essaiera de vous en informer aussi rapidement que possible.    <\/p><p class=\"p1\"><b>BCC prot\u00e8ge la confidentialit\u00e9 des enfants :<\/b><\/p><p class=\"p1\">La s\u00e9curit\u00e9 et la confidentialit\u00e9 des enfants sont des priorit\u00e9s pour BCC. Sans consentement parental v\u00e9rifiable, BCC ne collectera pas sciemment d&rsquo;informations personnellement identifiables de mineurs de moins de 13 ans. Veuillez nous contacter si vous avez des questions ou pr\u00e9occupations sur la fa\u00e7on dont la confidentialit\u00e9 des enfants est prot\u00e9g\u00e9e, ou si les parents veulent refuser le consentement et demander \u00e0 BCC d&rsquo;effacer les informations de leur enfant.  <\/p><p class=\"p1\"><b>BCC se r\u00e9serve le droit de changer ou modifier cette politique :<\/b><\/p><p class=\"p1\">Cette politique est effective \u00e0 partir du 1er juin 2023. BCC conserve le droit de changer, modifier ou reformuler cette politique. Pour conna\u00eetre les politiques les plus r\u00e9centes, vous devriez v\u00e9rifier cette page p\u00e9riodiquement. Les conditions de cette politique de confidentialit\u00e9 continueront de s&rsquo;appliquer \u00e0 toute information obtenue sous la politique existante. Toute nouvelle information recueillie apr\u00e8s que les changements entrent en vigueur, le cas \u00e9ch\u00e9ant, sera r\u00e9gie par la politique de confidentialit\u00e9 r\u00e9vis\u00e9e.    <\/p><p class=\"p1\"><b>Votre consentement affirmatif \u00e0 la collecte et utilisation par Brightmoor d&rsquo;informations personnellement identifiables :<\/b><\/p><p class=\"p1\">En utilisant ce site BCC, vous nous donnez votre consentement expr\u00e8s pour utiliser les informations que nous collectons sur vous de la mani\u00e8re d\u00e9crite dans cette Politique de confidentialit\u00e9.<\/p><p class=\"p1\"><b>Questions ou pr\u00e9occupations ? <\/b><\/p><p class=\"p1\">Si vous avez des questions ou pr\u00e9occupations concernant cette Politique de confidentialit\u00e9, veuillez contacter le bureau de l&rsquo;\u00c9glise Brightmoor \u00e0 <a href=\"mailto:reports@brightmoorcc.org\"><span class=\"s1\">reports@brightmoorcc.org<\/span><\/a> <\/p>\t\t\t\t\t\t\t\t<\/div>\n\t\t\t\t\t<\/div>\n\t\t\t\t<\/div>\n\t\t\t\t<\/div>\n\t\t","protected":false},"excerpt":{"rendered":"<p>POLITIQUE DE CONFIDENTIALIT\u00c9 DE BRIGHTMOOR L&rsquo;\u00c9glise chr\u00e9tienne Brightmoor (\u00ab nous \u00bb, \u00ab notre \u00bb ou \u00ab BCC \u00bb) vous fournit (d\u00e9sign\u00e9 comme \u00ab vous \u00bb ou \u00ab Utilisateur \u00bb) l&rsquo;acc\u00e8s \u00e0 ce site web ou application mobile (chacun d\u00e9sign\u00e9 comme le \u00ab Site \u00bb). Les types d&rsquo;informations personnelles et non personnelles que nous recueillons sur [&hellip;]<\/p>\n","protected":false},"author":1,"featured_media":0,"parent":0,"menu_order":23,"comment_status":"closed","ping_status":"open","template":"","meta":{"footnotes":""},"class_list":["post-22309","page","type-page","status-publish","hentry"],"_links":{"self":[{"href":"https:\/\/brightmoorchurch.org\/fr\/wp-json\/wp\/v2\/pages\/22309","targetHints":{"allow":["GET"]}}],"collection":[{"href":"https:\/\/brightmoorchurch.org\/fr\/wp-json\/wp\/v2\/pages"}],"about":[{"href":"https:\/\/brightmoorchurch.org\/fr\/wp-json\/wp\/v2\/types\/page"}],"author":[{"embeddable":true,"href":"https:\/\/brightmoorchurch.org\/fr\/wp-json\/wp\/v2\/users\/1"}],"replies":[{"embeddable":true,"href":"https:\/\/brightmoorchurch.org\/fr\/wp-json\/wp\/v2\/comments?post=22309"}],"version-history":[{"count":0,"href":"https:\/\/brightmoorchurch.org\/fr\/wp-json\/wp\/v2\/pages\/22309\/revisions"}],"wp:attachment":[{"href":"https:\/\/brightmoorchurch.org\/fr\/wp-json\/wp\/v2\/media?parent=22309"}],"curies":[{"name":"wp","href":"https:\/\/api.w.org\/{rel}","templated":true}]}}