{"id":21726,"date":"2024-08-15T17:40:21","date_gmt":"2024-08-15T21:40:21","guid":{"rendered":"https:\/\/brightmoorchurch.org\/etudes-bibliques\/"},"modified":"2025-07-30T14:05:25","modified_gmt":"2025-07-30T18:05:25","slug":"etudes-bibliques","status":"publish","type":"page","link":"https:\/\/brightmoorchurch.org\/fr\/groupes\/etudes-bibliques\/","title":{"rendered":"\u00c9tudes bibliques"},"content":{"rendered":"\t\t<div data-elementor-type=\"wp-page\" data-elementor-id=\"21726\" class=\"elementor elementor-21726 elementor-14040\" data-elementor-post-type=\"page\">\n\t\t\t\t<div class=\"elementor-element elementor-element-56b892c e-flex e-con-boxed e-con e-parent\" data-id=\"56b892c\" data-element_type=\"container\" data-e-type=\"container\" data-settings=\"{&quot;background_background&quot;:&quot;classic&quot;}\">\n\t\t\t\t\t<div class=\"e-con-inner\">\n\t\t<div class=\"elementor-element elementor-element-42d62e5 e-con-full e-flex e-con e-child\" data-id=\"42d62e5\" data-element_type=\"container\" data-e-type=\"container\">\n\t\t\t\t<div class=\"elementor-element elementor-element-51b6208 elementor-widget elementor-widget-heading\" data-id=\"51b6208\" data-element_type=\"widget\" data-e-type=\"widget\" data-widget_type=\"heading.default\">\n\t\t\t\t\t<h1 class=\"elementor-heading-title elementor-size-default\">\u00c9tudes bibliques<\/h1>\t\t\t\t<\/div>\n\t\t\t\t<div class=\"elementor-element elementor-element-0e2a343 elementor-widget elementor-widget-heading\" data-id=\"0e2a343\" data-element_type=\"widget\" data-e-type=\"widget\" data-widget_type=\"heading.default\">\n\t\t\t\t\t<p class=\"elementor-heading-title elementor-size-default\">Les \u00e9tudes bibliques sont des groupes o\u00f9 le mat\u00e9riel de discussion est un livre sp\u00e9cifique de la Bible, ou certains groupes d'\u00e9tude biblique parcourent m\u00e9thodiquement toute la Bible. <\/p>\t\t\t\t<\/div>\n\t\t\t\t<\/div>\n\t\t\t\t\t<\/div>\n\t\t\t\t<\/div>\n\t\t<div class=\"elementor-element elementor-element-950da02 e-flex e-con-boxed e-con e-parent\" data-id=\"950da02\" data-element_type=\"container\" data-e-type=\"container\">\n\t\t\t\t\t<div class=\"e-con-inner\">\n\t\t\t\t<div class=\"elementor-element elementor-element-51bed49 elementor-mobile-align-center elementor-icon-list--layout-traditional elementor-list-item-link-full_width elementor-widget elementor-widget-icon-list\" data-id=\"51bed49\" data-element_type=\"widget\" data-e-type=\"widget\" data-widget_type=\"icon-list.default\">\n\t\t\t\t\t\t\t<ul class=\"elementor-icon-list-items\">\n\t\t\t\t\t\t\t<li class=\"elementor-icon-list-item\">\n\t\t\t\t\t\t\t\t\t\t\t<a href=\"https:\/\/brightmoorchurch.org\/groups\/\">\n\n\t\t\t\t\t\t\t\t\t\t\t\t<span class=\"elementor-icon-list-icon\">\n\t\t\t\t\t\t\t<svg aria-hidden=\"true\" class=\"e-font-icon-svg e-fas-long-arrow-alt-left\" viewBox=\"0 0 448 512\" xmlns=\"http:\/\/www.w3.org\/2000\/svg\"><path d=\"M134.059 296H436c6.627 0 12-5.373 12-12v-56c0-6.627-5.373-12-12-12H134.059v-46.059c0-21.382-25.851-32.09-40.971-16.971L7.029 239.029c-9.373 9.373-9.373 24.569 0 33.941l86.059 86.059c15.119 15.119 40.971 4.411 40.971-16.971V296z\"><\/path><\/svg>\t\t\t\t\t\t<\/span>\n\t\t\t\t\t\t\t\t\t\t<span class=\"elementor-icon-list-text\"><b>RETOUR \u00c0 TOUS LES GROUPES<\/b><\/span>\n\t\t\t\t\t\t\t\t\t\t\t<\/a>\n\t\t\t\t\t\t\t\t\t<\/li>\n\t\t\t\t\t\t<\/ul>\n\t\t\t\t\t\t<\/div>\n\t\t\t\t<div class=\"elementor-element elementor-element-37251de elementor-widget__width-inherit select-container elementor-widget elementor-widget-shortcode\" data-id=\"37251de\" data-element_type=\"widget\" data-e-type=\"widget\" data-widget_type=\"shortcode.default\">\n\t\t\t\t\t\t\t<div class=\"elementor-shortcode\"><form method=\"post\" action=\"https:\/\/brightmoorchurch.org\/fr\/groupes\/etudes-bibliques\/\">\n\t\t\t\t\t<div class=\"ccbpress-group-search-filter\">\n\t\t\t<select class=\"ccbpress_meet_day_list\" id=\"ccbpress_meet_day_list\" name=\"meet_day\"><option  value=\"all\">Any Meeting Day<\/option><option  value=\"1\">Varies<\/option><option  value=\"2\">Sunday<\/option><option  value=\"3\">Monday<\/option><option  value=\"4\">Tuesday<\/option><option  value=\"5\">Wednesday<\/option><option  value=\"6\">Thursday<\/option><option  value=\"7\">Friday<\/option><option  value=\"8\">Saturday<\/option><\/select>\t\t<\/div>\n\t\t\t\t\t<div class=\"ccbpress-group-search-filter\">\n\t\t\t<select class=\"ccbpress_department_list\" id=\"ccbpress_department_list\" name=\"department\"><option  value=\"all\">Any Department<\/option><option  value=\"35\">Life Groups<\/option><option  value=\"37\">Classes (Financial, Support, Care, Etc.)<\/option><option  value=\"38\">Bible\/Book Studies<\/option><option  value=\"39\">Prayer Groups<\/option><\/select>\t\t<\/div>\n\t\t\t\t<div class=\"ccbpress-group-search-filter\">\n\t\t\t<select class=\"ccbpress_group_type_list\" id=\"ccbpress_group_type_list\" name=\"group_type\"><option  value=\"all\">Any Group Type<\/option><option  value=\"10\">Men's<\/option><option  value=\"11\">Women's<\/option><option  value=\"12\">Coed<\/option><\/select>\t\t<\/div>\n\t\t\t\t\t\t\t<div class=\"ccbpress-group-search-button\">\n\t\t<button type=\"submit\" name=\"ccbpress_submit\" title=\"Search\">Search<\/button>\n\t<\/div>\n<\/form>\n<div class=\"ccbpress-group-search-no-results\">\n\tNo groups found.<\/div>\n<\/div>\n\t\t\t\t\t\t<\/div>\n\t\t\t\t\t<\/div>\n\t\t\t\t<\/div>\n\t\t<div class=\"elementor-element elementor-element-b8f32fa e-flex e-con-boxed e-con e-parent\" data-id=\"b8f32fa\" data-element_type=\"container\" data-e-type=\"container\" data-settings=\"{&quot;background_background&quot;:&quot;classic&quot;}\">\n\t\t\t\t\t<div class=\"e-con-inner\">\n\t\t<div class=\"elementor-element elementor-element-eed9565 e-con-full e-flex e-con e-child\" data-id=\"eed9565\" data-element_type=\"container\" data-e-type=\"container\" data-settings=\"{&quot;background_background&quot;:&quot;classic&quot;}\">\n\t\t<div class=\"elementor-element elementor-element-4789659 e-con-full e-flex e-con e-child\" data-id=\"4789659\" data-element_type=\"container\" data-e-type=\"container\" data-settings=\"{&quot;background_background&quot;:&quot;classic&quot;}\">\n\t\t\t\t<div class=\"elementor-element elementor-element-1b6efb6 elementor-widget elementor-widget-spacer\" data-id=\"1b6efb6\" data-element_type=\"widget\" data-e-type=\"widget\" data-widget_type=\"spacer.default\">\n\t\t\t\t\t\t\t<div class=\"elementor-spacer\">\n\t\t\t<div class=\"elementor-spacer-inner\"><\/div>\n\t\t<\/div>\n\t\t\t\t\t\t<\/div>\n\t\t\t\t<\/div>\n\t\t<div class=\"elementor-element elementor-element-58739e0 e-con-full e-flex e-con e-child\" data-id=\"58739e0\" data-element_type=\"container\" data-e-type=\"container\">\n\t\t\t\t<div class=\"elementor-element elementor-element-2f5e38d elementor-widget elementor-widget-heading\" data-id=\"2f5e38d\" data-element_type=\"widget\" data-e-type=\"widget\" data-widget_type=\"heading.default\">\n\t\t\t\t\t<p class=\"elementor-heading-title elementor-size-default\">Groupes de vie<\/p>\t\t\t\t<\/div>\n\t\t\t\t<div class=\"elementor-element elementor-element-9f395bd elementor-widget elementor-widget-heading\" data-id=\"9f395bd\" data-element_type=\"widget\" data-e-type=\"widget\" data-widget_type=\"heading.default\">\n\t\t\t\t\t<p class=\"elementor-heading-title elementor-size-default\">Les groupes de vie se r\u00e9unissent et approfondissent les sermons de nos services du dimanche matin, prient ensemble et ont un \u00e9tat d'esprit missionnaire. \n<\/p>\t\t\t\t<\/div>\n\t\t\t\t<div class=\"elementor-element elementor-element-4477ede elementor-widget elementor-widget-button\" data-id=\"4477ede\" data-element_type=\"widget\" data-e-type=\"widget\" data-widget_type=\"button.default\">\n\t\t\t\t\t\t\t\t\t\t<a class=\"elementor-button elementor-button-link elementor-size-sm\" href=\"https:\/\/brightmoorchurch.org\/fr\/groupes-de-vie\/\">\n\t\t\t\t\t\t<span class=\"elementor-button-content-wrapper\">\n\t\t\t\t\t\t\t\t\t<span class=\"elementor-button-text\">VOIR LES GROUPES<\/span>\n\t\t\t\t\t<\/span>\n\t\t\t\t\t<\/a>\n\t\t\t\t\t\t\t\t<\/div>\n\t\t\t\t<div class=\"elementor-element elementor-element-39d2d5c elementor-hidden-desktop elementor-hidden-tablet elementor-hidden-mobile elementor-widget elementor-widget-n-accordion\" data-id=\"39d2d5c\" data-element_type=\"widget\" data-e-type=\"widget\" data-settings=\"{&quot;default_state&quot;:&quot;all_collapsed&quot;,&quot;max_items_expended&quot;:&quot;one&quot;,&quot;n_accordion_animation_duration&quot;:{&quot;unit&quot;:&quot;ms&quot;,&quot;size&quot;:400,&quot;sizes&quot;:[]}}\" data-widget_type=\"nested-accordion.default\">\n\t\t\t\t\t\t\t<div class=\"e-n-accordion\" aria-label=\"Accordion. Open links with Enter or Space, close with Escape, and navigate with Arrow Keys\">\n\t\t\t\t\t\t<details id=\"e-n-accordion-item-6060\" class=\"e-n-accordion-item\" >\n\t\t\t\t<summary class=\"e-n-accordion-item-title\" data-accordion-index=\"1\" tabindex=\"0\" aria-expanded=\"false\" aria-controls=\"e-n-accordion-item-6060\" >\n\t\t\t\t\t<span class='e-n-accordion-item-title-header'><div class=\"e-n-accordion-item-title-text\"> VOIR LES GROUPES <\/div><\/span>\n\t\t\t\t\t\t\t\t\t<\/summary>\n\t\t\t\t<div role=\"region\" aria-labelledby=\"e-n-accordion-item-6060\" class=\"elementor-element elementor-element-3b00b88 e-con-full e-flex e-con e-child\" data-id=\"3b00b88\" data-element_type=\"container\" data-e-type=\"container\">\n\t\t\t\t<div class=\"elementor-element elementor-element-769dc0e elementor-widget__width-inherit select-container elementor-widget elementor-widget-shortcode\" data-id=\"769dc0e\" data-element_type=\"widget\" data-e-type=\"widget\" data-widget_type=\"shortcode.default\">\n\t\t\t\t\t\t\t<div class=\"elementor-shortcode\"><form method=\"post\" action=\"https:\/\/brightmoorchurch.org\/fr\/groupes\/etudes-bibliques\/\">\n\t\t\t\t\t<div class=\"ccbpress-group-search-filter\">\n\t\t\t<select class=\"ccbpress_meet_day_list\" id=\"ccbpress_meet_day_list\" name=\"meet_day\"><option  value=\"all\">Any Meeting Day<\/option><option  value=\"1\">Varies<\/option><option  value=\"2\">Sunday<\/option><option  value=\"3\">Monday<\/option><option  value=\"4\">Tuesday<\/option><option  value=\"5\">Wednesday<\/option><option  value=\"6\">Thursday<\/option><option  value=\"7\">Friday<\/option><option  value=\"8\">Saturday<\/option><\/select>\t\t<\/div>\n\t\t\t\t\t<div class=\"ccbpress-group-search-filter\">\n\t\t\t<select class=\"ccbpress_department_list\" id=\"ccbpress_department_list\" name=\"department\"><option  value=\"all\">Any Department<\/option><option  value=\"35\">Life Groups<\/option><option  value=\"37\">Classes (Financial, Support, Care, Etc.)<\/option><option  value=\"38\">Bible\/Book Studies<\/option><option  value=\"39\">Prayer Groups<\/option><\/select>\t\t<\/div>\n\t\t\t\t<div class=\"ccbpress-group-search-filter\">\n\t\t\t<select class=\"ccbpress_group_type_list\" id=\"ccbpress_group_type_list\" name=\"group_type\"><option  value=\"all\">Any Group Type<\/option><option  value=\"10\">Men's<\/option><option  value=\"11\">Women's<\/option><option  value=\"12\">Coed<\/option><\/select>\t\t<\/div>\n\t\t\t\t\t\t\t<div class=\"ccbpress-group-search-button\">\n\t\t<button type=\"submit\" name=\"ccbpress_submit\" title=\"Search\">Search<\/button>\n\t<\/div>\n<\/form>\n<div class=\"ccbpress-group-search-no-results\">\n\tNo groups found.<\/div>\n\n<\/div>\n\t\t\t\t\t\t<\/div>\n\t\t\t\t<\/div>\n\t\t\t\t\t<\/details>\n\t\t\t\t\t<\/div>\n\t\t\t\t\t\t<\/div>\n\t\t\t\t<\/div>\n\t\t\t\t<\/div>\n\t\t<div class=\"elementor-element elementor-element-c33aee5 e-con-full e-flex e-con e-child\" data-id=\"c33aee5\" data-element_type=\"container\" data-e-type=\"container\" data-settings=\"{&quot;background_background&quot;:&quot;classic&quot;}\">\n\t\t<div class=\"elementor-element elementor-element-821cf65 e-con-full e-flex e-con e-child\" data-id=\"821cf65\" data-element_type=\"container\" data-e-type=\"container\">\n\t\t\t\t<div class=\"elementor-element elementor-element-fb8fef7 elementor-widget elementor-widget-heading\" data-id=\"fb8fef7\" data-element_type=\"widget\" data-e-type=\"widget\" data-widget_type=\"heading.default\">\n\t\t\t\t\t<p class=\"elementor-heading-title elementor-size-default\">Cours<\/p>\t\t\t\t<\/div>\n\t\t\t\t<div class=\"elementor-element elementor-element-df40f97 elementor-widget elementor-widget-heading\" data-id=\"df40f97\" data-element_type=\"widget\" data-e-type=\"widget\" data-widget_type=\"heading.default\">\n\t\t\t\t\t<p class=\"elementor-heading-title elementor-size-default\">Les cours sont con\u00e7us pour aider les gens \u00e0 apprendre et grandir gr\u00e2ce \u00e0 un responsable qui enseigne un sujet sp\u00e9cifique.<\/p>\t\t\t\t<\/div>\n\t\t\t\t<div class=\"elementor-element elementor-element-3732c79 elementor-widget elementor-widget-button\" data-id=\"3732c79\" data-element_type=\"widget\" data-e-type=\"widget\" data-widget_type=\"button.default\">\n\t\t\t\t\t\t\t\t\t\t<a class=\"elementor-button elementor-button-link elementor-size-sm\" href=\"https:\/\/brightmoorchurch.org\/groups\/classes\/\">\n\t\t\t\t\t\t<span class=\"elementor-button-content-wrapper\">\n\t\t\t\t\t\t\t\t\t<span class=\"elementor-button-text\">VOIR LES COURS<\/span>\n\t\t\t\t\t<\/span>\n\t\t\t\t\t<\/a>\n\t\t\t\t\t\t\t\t<\/div>\n\t\t\t\t<div class=\"elementor-element elementor-element-98cb38e elementor-hidden-desktop elementor-hidden-tablet elementor-hidden-mobile elementor-widget elementor-widget-n-accordion\" data-id=\"98cb38e\" data-element_type=\"widget\" data-e-type=\"widget\" data-settings=\"{&quot;default_state&quot;:&quot;all_collapsed&quot;,&quot;max_items_expended&quot;:&quot;one&quot;,&quot;n_accordion_animation_duration&quot;:{&quot;unit&quot;:&quot;ms&quot;,&quot;size&quot;:400,&quot;sizes&quot;:[]}}\" data-widget_type=\"nested-accordion.default\">\n\t\t\t\t\t\t\t<div class=\"e-n-accordion\" aria-label=\"Accordion. Open links with Enter or Space, close with Escape, and navigate with Arrow Keys\">\n\t\t\t\t\t\t<details id=\"e-n-accordion-item-1600\" class=\"e-n-accordion-item\" >\n\t\t\t\t<summary class=\"e-n-accordion-item-title\" data-accordion-index=\"1\" tabindex=\"0\" aria-expanded=\"false\" aria-controls=\"e-n-accordion-item-1600\" >\n\t\t\t\t\t<span class='e-n-accordion-item-title-header'><div class=\"e-n-accordion-item-title-text\"> Voir les cours <\/div><\/span>\n\t\t\t\t\t\t\t\t\t<\/summary>\n\t\t\t\t<div role=\"region\" aria-labelledby=\"e-n-accordion-item-1600\" class=\"elementor-element elementor-element-f9beaea e-con-full e-flex e-con e-child\" data-id=\"f9beaea\" data-element_type=\"container\" data-e-type=\"container\">\n\t\t\t\t<div class=\"elementor-element elementor-element-db27f57 elementor-widget__width-inherit select-container elementor-widget elementor-widget-shortcode\" data-id=\"db27f57\" data-element_type=\"widget\" data-e-type=\"widget\" data-widget_type=\"shortcode.default\">\n\t\t\t\t\t\t\t<div class=\"elementor-shortcode\"><form method=\"post\" action=\"https:\/\/brightmoorchurch.org\/fr\/groupes\/etudes-bibliques\/\">\n\t\t\t\t\t<div class=\"ccbpress-group-search-filter\">\n\t\t\t<select class=\"ccbpress_meet_day_list\" id=\"ccbpress_meet_day_list\" name=\"meet_day\"><option  value=\"all\">Any Meeting Day<\/option><option  value=\"1\">Varies<\/option><option  value=\"2\">Sunday<\/option><option  value=\"3\">Monday<\/option><option  value=\"4\">Tuesday<\/option><option  value=\"5\">Wednesday<\/option><option  value=\"6\">Thursday<\/option><option  value=\"7\">Friday<\/option><option  value=\"8\">Saturday<\/option><\/select>\t\t<\/div>\n\t\t\t\t\t<div class=\"ccbpress-group-search-filter\">\n\t\t\t<select class=\"ccbpress_department_list\" id=\"ccbpress_department_list\" name=\"department\"><option  value=\"all\">Any Department<\/option><option  value=\"35\">Life Groups<\/option><option  value=\"37\">Classes (Financial, Support, Care, Etc.)<\/option><option  value=\"38\">Bible\/Book Studies<\/option><option  value=\"39\">Prayer Groups<\/option><\/select>\t\t<\/div>\n\t\t\t\t<div class=\"ccbpress-group-search-filter\">\n\t\t\t<select class=\"ccbpress_group_type_list\" id=\"ccbpress_group_type_list\" name=\"group_type\"><option  value=\"all\">Any Group Type<\/option><option  value=\"10\">Men's<\/option><option  value=\"11\">Women's<\/option><option  value=\"12\">Coed<\/option><\/select>\t\t<\/div>\n\t\t\t\t\t\t\t<div class=\"ccbpress-group-search-button\">\n\t\t<button type=\"submit\" name=\"ccbpress_submit\" title=\"Search\">Search<\/button>\n\t<\/div>\n<\/form>\n<div class=\"ccbpress-group-search-no-results\">\n\tNo groups found.<\/div>\n\n<\/div>\n\t\t\t\t\t\t<\/div>\n\t\t\t\t<\/div>\n\t\t\t\t\t<\/details>\n\t\t\t\t\t<\/div>\n\t\t\t\t\t\t<\/div>\n\t\t\t\t<\/div>\n\t\t<div class=\"elementor-element elementor-element-b03a892 e-con-full e-flex e-con e-child\" data-id=\"b03a892\" data-element_type=\"container\" data-e-type=\"container\" data-settings=\"{&quot;background_background&quot;:&quot;classic&quot;}\">\n\t\t\t\t<div class=\"elementor-element elementor-element-74b0743 elementor-widget elementor-widget-spacer\" data-id=\"74b0743\" data-element_type=\"widget\" data-e-type=\"widget\" data-widget_type=\"spacer.default\">\n\t\t\t\t\t\t\t<div class=\"elementor-spacer\">\n\t\t\t<div class=\"elementor-spacer-inner\"><\/div>\n\t\t<\/div>\n\t\t\t\t\t\t<\/div>\n\t\t\t\t<\/div>\n\t\t\t\t<\/div>\n\t\t<div class=\"elementor-element elementor-element-b5f8139 e-con-full e-flex e-con e-child\" data-id=\"b5f8139\" data-element_type=\"container\" data-e-type=\"container\" data-settings=\"{&quot;background_background&quot;:&quot;classic&quot;}\">\n\t\t<div class=\"elementor-element elementor-element-1580176 e-con-full e-flex e-con e-child\" data-id=\"1580176\" data-element_type=\"container\" data-e-type=\"container\" data-settings=\"{&quot;background_background&quot;:&quot;classic&quot;}\">\n\t\t\t\t<div class=\"elementor-element elementor-element-9d3e227 elementor-widget elementor-widget-spacer\" data-id=\"9d3e227\" data-element_type=\"widget\" data-e-type=\"widget\" data-widget_type=\"spacer.default\">\n\t\t\t\t\t\t\t<div class=\"elementor-spacer\">\n\t\t\t<div class=\"elementor-spacer-inner\"><\/div>\n\t\t<\/div>\n\t\t\t\t\t\t<\/div>\n\t\t\t\t<\/div>\n\t\t<div class=\"elementor-element elementor-element-5426bbb e-con-full e-flex e-con e-child\" data-id=\"5426bbb\" data-element_type=\"container\" data-e-type=\"container\">\n\t\t\t\t<div class=\"elementor-element elementor-element-b787c0f elementor-widget elementor-widget-heading\" data-id=\"b787c0f\" data-element_type=\"widget\" data-e-type=\"widget\" data-widget_type=\"heading.default\">\n\t\t\t\t\t<p class=\"elementor-heading-title elementor-size-default\">\u00c9tudes de livres<\/p>\t\t\t\t<\/div>\n\t\t\t\t<div class=\"elementor-element elementor-element-2495ab8 elementor-widget elementor-widget-heading\" data-id=\"2495ab8\" data-element_type=\"widget\" data-e-type=\"widget\" data-widget_type=\"heading.default\">\n\t\t\t\t\t<p class=\"elementor-heading-title elementor-size-default\">Les \u00e9tudes de livres sont des groupes dont le mat\u00e9riel de discussion provient d'un livre ou d'un recueil de m\u00e9ditations et sont toujours bas\u00e9es sur la Bible. <\/p>\t\t\t\t<\/div>\n\t\t\t\t<div class=\"elementor-element elementor-element-765b77c elementor-widget elementor-widget-button\" data-id=\"765b77c\" data-element_type=\"widget\" data-e-type=\"widget\" data-widget_type=\"button.default\">\n\t\t\t\t\t\t\t\t\t\t<a class=\"elementor-button elementor-button-link elementor-size-sm\" href=\"https:\/\/brightmoorchurch.org\/fr\/etudes-bibliques-2\/\">\n\t\t\t\t\t\t<span class=\"elementor-button-content-wrapper\">\n\t\t\t\t\t\t\t\t\t<span class=\"elementor-button-text\">VOIR LES \u00c9TUDES<\/span>\n\t\t\t\t\t<\/span>\n\t\t\t\t\t<\/a>\n\t\t\t\t\t\t\t\t<\/div>\n\t\t\t\t<div class=\"elementor-element elementor-element-74e0a04 elementor-hidden-desktop elementor-hidden-tablet elementor-hidden-mobile elementor-widget elementor-widget-n-accordion\" data-id=\"74e0a04\" data-element_type=\"widget\" data-e-type=\"widget\" data-settings=\"{&quot;default_state&quot;:&quot;all_collapsed&quot;,&quot;max_items_expended&quot;:&quot;one&quot;,&quot;n_accordion_animation_duration&quot;:{&quot;unit&quot;:&quot;ms&quot;,&quot;size&quot;:400,&quot;sizes&quot;:[]}}\" data-widget_type=\"nested-accordion.default\">\n\t\t\t\t\t\t\t<div class=\"e-n-accordion\" aria-label=\"Accordion. Open links with Enter or Space, close with Escape, and navigate with Arrow Keys\">\n\t\t\t\t\t\t<details id=\"e-n-accordion-item-1220\" class=\"e-n-accordion-item\" >\n\t\t\t\t<summary class=\"e-n-accordion-item-title\" data-accordion-index=\"1\" tabindex=\"0\" aria-expanded=\"false\" aria-controls=\"e-n-accordion-item-1220\" >\n\t\t\t\t\t<span class='e-n-accordion-item-title-header'><div class=\"e-n-accordion-item-title-text\"> Voir les \u00e9tudes de livres <\/div><\/span>\n\t\t\t\t\t\t\t\t\t<\/summary>\n\t\t\t\t<div role=\"region\" aria-labelledby=\"e-n-accordion-item-1220\" class=\"elementor-element elementor-element-8304b30 e-con-full e-flex e-con e-child\" data-id=\"8304b30\" data-element_type=\"container\" data-e-type=\"container\">\n\t\t\t\t<div class=\"elementor-element elementor-element-684c293 elementor-widget__width-inherit select-container elementor-widget elementor-widget-shortcode\" data-id=\"684c293\" data-element_type=\"widget\" data-e-type=\"widget\" data-widget_type=\"shortcode.default\">\n\t\t\t\t\t\t\t<div class=\"elementor-shortcode\"><form method=\"post\" action=\"https:\/\/brightmoorchurch.org\/fr\/groupes\/etudes-bibliques\/\">\n\t\t\t\t\t<div class=\"ccbpress-group-search-filter\">\n\t\t\t<select class=\"ccbpress_meet_day_list\" id=\"ccbpress_meet_day_list\" name=\"meet_day\"><option  value=\"all\">Any Meeting Day<\/option><option  value=\"1\">Varies<\/option><option  value=\"2\">Sunday<\/option><option  value=\"3\">Monday<\/option><option  value=\"4\">Tuesday<\/option><option  value=\"5\">Wednesday<\/option><option  value=\"6\">Thursday<\/option><option  value=\"7\">Friday<\/option><option  value=\"8\">Saturday<\/option><\/select>\t\t<\/div>\n\t\t\t\t\t<div class=\"ccbpress-group-search-filter\">\n\t\t\t<select class=\"ccbpress_department_list\" id=\"ccbpress_department_list\" name=\"department\"><option  value=\"all\">Any Department<\/option><option  value=\"35\">Life Groups<\/option><option  value=\"37\">Classes (Financial, Support, Care, Etc.)<\/option><option  value=\"38\">Bible\/Book Studies<\/option><option  value=\"39\">Prayer Groups<\/option><\/select>\t\t<\/div>\n\t\t\t\t<div class=\"ccbpress-group-search-filter\">\n\t\t\t<select class=\"ccbpress_group_type_list\" id=\"ccbpress_group_type_list\" name=\"group_type\"><option  value=\"all\">Any Group Type<\/option><option  value=\"10\">Men's<\/option><option  value=\"11\">Women's<\/option><option  value=\"12\">Coed<\/option><\/select>\t\t<\/div>\n\t\t\t\t\t\t\t<div class=\"ccbpress-group-search-button\">\n\t\t<button type=\"submit\" name=\"ccbpress_submit\" title=\"Search\">Search<\/button>\n\t<\/div>\n<\/form>\n<div class=\"ccbpress-group-search-no-results\">\n\tNo groups found.<\/div>\n\n<\/div>\n\t\t\t\t\t\t<\/div>\n\t\t\t\t<\/div>\n\t\t\t\t\t<\/details>\n\t\t\t\t\t<\/div>\n\t\t\t\t\t\t<\/div>\n\t\t\t\t<\/div>\n\t\t\t\t<\/div>\n\t\t\t\t\t<\/div>\n\t\t\t\t<\/div>\n\t\t\t\t<\/div>\n\t\t","protected":false},"excerpt":{"rendered":"<p>Les \u00e9tudes bibliques sont des groupes o\u00f9 le mat\u00e9riel de discussion est un livre sp\u00e9cifique de la Bible, ou certains groupes d&rsquo;\u00e9tude biblique parcourent m\u00e9thodiquement toute la Bible.<\/p>\n","protected":false},"author":1,"featured_media":19567,"parent":22197,"menu_order":49,"comment_status":"closed","ping_status":"closed","template":"","meta":{"footnotes":""},"class_list":["post-21726","page","type-page","status-publish","has-post-thumbnail","hentry"],"_links":{"self":[{"href":"https:\/\/brightmoorchurch.org\/fr\/wp-json\/wp\/v2\/pages\/21726","targetHints":{"allow":["GET"]}}],"collection":[{"href":"https:\/\/brightmoorchurch.org\/fr\/wp-json\/wp\/v2\/pages"}],"about":[{"href":"https:\/\/brightmoorchurch.org\/fr\/wp-json\/wp\/v2\/types\/page"}],"author":[{"embeddable":true,"href":"https:\/\/brightmoorchurch.org\/fr\/wp-json\/wp\/v2\/users\/1"}],"replies":[{"embeddable":true,"href":"https:\/\/brightmoorchurch.org\/fr\/wp-json\/wp\/v2\/comments?post=21726"}],"version-history":[{"count":0,"href":"https:\/\/brightmoorchurch.org\/fr\/wp-json\/wp\/v2\/pages\/21726\/revisions"}],"up":[{"embeddable":true,"href":"https:\/\/brightmoorchurch.org\/fr\/wp-json\/wp\/v2\/pages\/22197"}],"wp:featuredmedia":[{"embeddable":true,"href":"https:\/\/brightmoorchurch.org\/fr\/wp-json\/wp\/v2\/media\/19567"}],"wp:attachment":[{"href":"https:\/\/brightmoorchurch.org\/fr\/wp-json\/wp\/v2\/media?parent=21726"}],"curies":[{"name":"wp","href":"https:\/\/api.w.org\/{rel}","templated":true}]}}