{"id":22302,"date":"2023-10-09T14:43:37","date_gmt":"2023-10-09T18:43:37","guid":{"rendered":"https:\/\/brightmoorchurch.org\/politica-de-privacidad\/"},"modified":"2025-07-30T14:09:47","modified_gmt":"2025-07-30T18:09:47","slug":"politica-de-privacidad","status":"publish","type":"page","link":"https:\/\/brightmoorchurch.org\/es\/politica-de-privacidad\/","title":{"rendered":"Pol\u00edtica de privacidad"},"content":{"rendered":"\t\t<div data-elementor-type=\"wp-page\" data-elementor-id=\"22302\" class=\"elementor elementor-22302 elementor-3\" data-elementor-post-type=\"page\">\n\t\t\t\t<div class=\"elementor-element elementor-element-2ac2bd26 e-flex e-con-boxed e-con e-parent\" data-id=\"2ac2bd26\" data-element_type=\"container\" data-e-type=\"container\" data-settings=\"{&quot;background_background&quot;:&quot;classic&quot;}\">\n\t\t\t\t\t<div class=\"e-con-inner\">\n\t\t\t\t<div class=\"elementor-element elementor-element-528c1a39 elementor-widget elementor-widget-text-editor\" data-id=\"528c1a39\" data-element_type=\"widget\" data-e-type=\"widget\" data-widget_type=\"text-editor.default\">\n\t\t\t\t\t\t\t\t\t<p class=\"p1\"><b>POL\u00cdTICA DE PRIVACIDAD DE BRIGHTMOOR <\/b><\/p><p class=\"p1\">Brightmoor Christian Church (\u00ab\u201cnosotros\u201d\u00bb, \u00ab\u201cnos\u201d\u00bb o \u00ab\u201cBCC\u201d\u00bb) le proporciona acceso (denominado \u00ab\u201custed\u201d\u00bb o \u00ab\u201cUsuario\u201d\u00bb) a este sitio web o aplicaci\u00f3n para tel\u00e9fonos inteligentes (cada uno de ellos denominado \u00ab\u201cSitio\u201d\u00bb). Esta declaraci\u00f3n de privacidad cubre los tipos de informaci\u00f3n personal y no personal que recopilamos en el Sitio, c\u00f3mo usamos esa informaci\u00f3n y a qui\u00e9n y bajo qu\u00e9 condiciones podemos divulgarla. Al utilizar el Sitio, usted consiente la recopilaci\u00f3n, el uso y la divulgaci\u00f3n de su Informaci\u00f3n personal (definida a continuaci\u00f3n) de acuerdo con esta Pol\u00edtica de privacidad. Abst\u00e9ngase de utilizar el Sitio si no consiente los t\u00e9rminos de esta declaraci\u00f3n de privacidad.   <\/p><p class=\"p1\"><b>Recopilaci\u00f3n de datos:<\/b><\/p><p class=\"p1\">Cuando visita este sitio o se comunica con BCC a trav\u00e9s de un dispositivo m\u00f3vil, podemos recopilar datos sobre sus h\u00e1bitos de visualizaci\u00f3n, su navegador, sistema operativo, direcci\u00f3n IP y cualquier informaci\u00f3n de identificaci\u00f3n personal que elija proporcionar a BCC.<\/p><p class=\"p1\"><b>Informaci\u00f3n de identificaci\u00f3n personal:<\/b><\/p><p class=\"p1\">Se considera informaci\u00f3n de identificaci\u00f3n personal cualquier informaci\u00f3n que pueda utilizarse razonablemente para identificarle personalmente. Nombre, direcci\u00f3n, correo electr\u00f3nico, n\u00famero de tel\u00e9fono, c\u00f3digo postal, sexo, fecha de nacimiento, informaci\u00f3n de la tarjeta de cr\u00e9dito y aficiones son solo algunos ejemplos. <\/p><p class=\"p1\"><b>\u00bfQu\u00e9 son las cookies y c\u00f3mo se utilizan? <\/b><\/p><p class=\"p1\">Las cookies son archivos de texto con peque\u00f1as porciones de datos que se utilizan para identificar su ordenador mientras utiliza una red inform\u00e1tica. Las cookies pueden utilizarse para identificar a usuarios espec\u00edficos y mejorar su experiencia de navegaci\u00f3n web. <span class=\"Apple-converted-space\">  <\/span>Los datos almacenados en una cookie son creados por el servidor al establecer su conexi\u00f3n. Estos datos se etiquetan con un ID \u00fanico para usted y su ordenador. <\/p><p class=\"p1\">Cuando la cookie se intercambia entre su ordenador y el servidor de la red, el servidor lee el ID y sabe qu\u00e9 informaci\u00f3n debe servirle espec\u00edficamente.<span class=\"Apple-converted-space\">  <\/span>La mayor\u00eda de los ordenadores aceptan cookies autom\u00e1ticamente. Puede evitar que las cookies se almacenen en su dispositivo navegando hasta el men\u00fa de opciones de su navegador. <\/p><p class=\"p1\">BCC puede colocar una \u201ccookie\u201d en su ordenador para que podamos reconocerle cuando visite nuestro sitio, ofrecerle una experiencia personalizada y realizar un seguimiento de sus h\u00e1bitos de visualizaci\u00f3n.<span class=\"Apple-converted-space\">  <\/span>No utilizamos cookies para obtener ninguna informaci\u00f3n personal sobre usted antes o despu\u00e9s de que abandone los sitios de BCC.<\/p><p class=\"p1\"><b>\u00bfQu\u00e9 tipo de informaci\u00f3n recopila BCC? <\/b><\/p><p class=\"p1\">BCC recopila dos tipos distintos de informaci\u00f3n. Una categor\u00eda es la informaci\u00f3n voluntaria, que usted proporciona, incluidos los datos de afiliaci\u00f3n, los datos de env\u00edo y pago, o la informaci\u00f3n relacionada con el registro de eventos. El segundo tipo de informaci\u00f3n que recopila BCC son los datos del usuario, que es la informaci\u00f3n que proporciona su ordenador cada vez que visita este sitio web o su dispositivo m\u00f3vil cuando realiza solicitudes de mensajes de texto, y nosotros respondemos a ellas.  <\/p><p class=\"p1\"><b>\u00bfQu\u00e9 hace BCC con la informaci\u00f3n que se recopila? <\/b><\/p><p class=\"p1\">La informaci\u00f3n que recopila BCC nos permite proporcionarle informaci\u00f3n y servicios. Podemos combinar la informaci\u00f3n que recopilamos con los datos que obtenemos de otras fuentes. Su informaci\u00f3n personal puede ser utilizada por Novi Christian Academy, Train Station Preschool y Brightmoor Legacy Foundation, as\u00ed como por BCC para fines relacionados con la iglesia. Esto incluye la informaci\u00f3n que usted proporciona a BCC o que nosotros recopilamos a trav\u00e9s de este sitio web o comunicaciones m\u00f3viles.   <\/p><p class=\"p1\">No venderemos, alquilaremos ni cederemos su informaci\u00f3n personal a entidades comerciales. Podemos divulgar su informaci\u00f3n a empresas que prestan servicios para nosotros, as\u00ed como a entidades eclesi\u00e1sticas relacionadas o afiliadas. Cualquier informaci\u00f3n que BCC pueda divulgar a terceros (aparte de los proveedores de servicios y las entidades eclesi\u00e1sticas relacionadas) solo estar\u00e1 disponible de forma agregada y no incluir\u00e1 ning\u00fan dato de identificaci\u00f3n personal. La informaci\u00f3n agregada es \u00fatil para fines de marketing y estad\u00edsticas de la iglesia. Sin su permiso espec\u00edfico, BCC nunca divulgar\u00e1 su nombre, direcci\u00f3n, direcci\u00f3n de correo electr\u00f3nico o n\u00famero de tel\u00e9fono a menos que sea necesario para cumplir con la ley o para fines legales.    <\/p><p class=\"p1\">Es posible que pueda acceder a salas de chat, tablones de mensajes u otras plataformas de debate similares a trav\u00e9s de BCC u otras organizaciones eclesi\u00e1sticas afiliadas. Tenga en cuenta que cualquier informaci\u00f3n que divulgue en estos \u00e1mbitos se considera informaci\u00f3n p\u00fablica y no est\u00e1 protegida.  <\/p><p class=\"p1\"><b>\u00bfC\u00f3mo afecta a mis protecciones de privacidad el hecho de enlazar con otros sitios? <\/b><\/p><p class=\"p1\">Como cortes\u00eda, BCC proporciona enlaces a otros sitios que no son propiedad ni est\u00e1n controlados por BCC. Algunos de estos sitios pueden utilizar el logotipo de BCC. Sin embargo, estos sitios de terceros NO est\u00e1n sujetos ni vinculados por la Pol\u00edtica de privacidad de BCC. Dichos sitios de terceros pueden o no tener sus propias pol\u00edticas de privacidad y pueden o no recopilar informaci\u00f3n personal de usted o colocar cookies en su dispositivo. BCC no es responsable de las pol\u00edticas de privacidad ni de ninguna pr\u00e1ctica de recopilaci\u00f3n de informaci\u00f3n de estos sitios ni de los da\u00f1os que se deriven de ello.    <\/p><p class=\"p1\"><b>\u00bfC\u00f3mo protege BCC la seguridad de la informaci\u00f3n recopilada sobre m\u00ed? <\/b><\/p><p class=\"p1\">BCC concede una alta prioridad a la seguridad de la informaci\u00f3n que usted proporciona. Como resultado, BCC ha tomado una serie de medidas para salvaguardar su informaci\u00f3n. Se utiliza una conexi\u00f3n SSL (Secure Socket Layer) para cualquier transacci\u00f3n que requiera informaci\u00f3n sensible, como el n\u00famero de su tarjeta de cr\u00e9dito\/d\u00e9bito y la fecha de caducidad. Esta conexi\u00f3n proporciona mayor seguridad a la informaci\u00f3n a medida que se transmite a nuestro sitio web. Si nuestro sistema de seguridad se ve comprometido, BCC intentar\u00e1 informarle lo antes posible.    <\/p><p class=\"p1\"><b>BCC protege la privacidad de los ni\u00f1os:<\/b><\/p><p class=\"p1\">La seguridad y la privacidad de los ni\u00f1os son prioridades para BCC. Sin el consentimiento paterno verificable, BCC no recopilar\u00e1 a sabiendas informaci\u00f3n de identificaci\u00f3n personal de menores de 13 a\u00f1os. P\u00f3ngase en contacto con nosotros si tiene alguna pregunta o duda sobre c\u00f3mo se protege la privacidad de los ni\u00f1os, o si los padres desean denegar el consentimiento y pedir a BCC que borre la informaci\u00f3n de su hijo.  <\/p><p class=\"p1\"><b>BCC se reserva el derecho de cambiar o modificar esta pol\u00edtica:<\/b><\/p><p class=\"p1\">Esta pol\u00edtica entra en vigor a partir del 1 de junio de 2023. BCC se reserva el derecho de cambiar, modificar o reformular esta pol\u00edtica. Para conocer las pol\u00edticas m\u00e1s recientes, debe consultar peri\u00f3dicamente esta p\u00e1gina. Las condiciones de esta pol\u00edtica de privacidad seguir\u00e1n aplic\u00e1ndose a cualquier informaci\u00f3n obtenida en virtud de la pol\u00edtica existente. Toda la informaci\u00f3n nueva recopilada despu\u00e9s de que los cambios entren en vigor, si los hay, se regir\u00e1 por la pol\u00edtica de privacidad revisada.    <\/p><p class=\"p1\"><b>Su consentimiento afirmativo a la recopilaci\u00f3n y el uso de informaci\u00f3n de identificaci\u00f3n personal por parte de Brightmoor:<\/b><\/p><p class=\"p1\">Al utilizar este sitio de BCC, nos est\u00e1 dando su consentimiento expreso para utilizar la informaci\u00f3n que recopilamos sobre usted de la manera descrita en esta Pol\u00edtica de privacidad.<\/p><p class=\"p1\"><b>\u00bfPreguntas o dudas? <\/b><\/p><p class=\"p1\">Si tiene preguntas o dudas sobre esta Pol\u00edtica de privacidad, p\u00f3ngase en contacto con la oficina de la Iglesia Brightmoor en <a href=\"mailto:reports@brightmoorcc.org\"><span class=\"s1\">reports@brightmoorcc.org<\/span><\/a> <\/p>\t\t\t\t\t\t\t\t<\/div>\n\t\t\t\t\t<\/div>\n\t\t\t\t<\/div>\n\t\t\t\t<\/div>\n\t\t","protected":false},"excerpt":{"rendered":"<p>POL\u00cdTICA DE PRIVACIDAD DE BRIGHTMOOR Brightmoor Christian Church (\u00ab\u201cnosotros\u201d\u00bb, \u00ab\u201cnos\u201d\u00bb o \u00ab\u201cBCC\u201d\u00bb) le proporciona acceso (denominado \u00ab\u201custed\u201d\u00bb o \u00ab\u201cUsuario\u201d\u00bb) a este sitio web o aplicaci\u00f3n para tel\u00e9fonos inteligentes (cada uno de ellos denominado \u00ab\u201cSitio\u201d\u00bb). Esta declaraci\u00f3n de privacidad cubre los tipos de informaci\u00f3n personal y no personal que recopilamos en el Sitio, c\u00f3mo usamos esa [&hellip;]<\/p>\n","protected":false},"author":1,"featured_media":0,"parent":0,"menu_order":23,"comment_status":"closed","ping_status":"open","template":"","meta":{"footnotes":""},"class_list":["post-22302","page","type-page","status-publish","hentry"],"_links":{"self":[{"href":"https:\/\/brightmoorchurch.org\/es\/wp-json\/wp\/v2\/pages\/22302","targetHints":{"allow":["GET"]}}],"collection":[{"href":"https:\/\/brightmoorchurch.org\/es\/wp-json\/wp\/v2\/pages"}],"about":[{"href":"https:\/\/brightmoorchurch.org\/es\/wp-json\/wp\/v2\/types\/page"}],"author":[{"embeddable":true,"href":"https:\/\/brightmoorchurch.org\/es\/wp-json\/wp\/v2\/users\/1"}],"replies":[{"embeddable":true,"href":"https:\/\/brightmoorchurch.org\/es\/wp-json\/wp\/v2\/comments?post=22302"}],"version-history":[{"count":0,"href":"https:\/\/brightmoorchurch.org\/es\/wp-json\/wp\/v2\/pages\/22302\/revisions"}],"wp:attachment":[{"href":"https:\/\/brightmoorchurch.org\/es\/wp-json\/wp\/v2\/media?parent=22302"}],"curies":[{"name":"wp","href":"https:\/\/api.w.org\/{rel}","templated":true}]}}