{"id":21756,"date":"2025-01-14T16:57:59","date_gmt":"2025-01-14T21:57:59","guid":{"rendered":"https:\/\/brightmoorchurch.org\/declaraciones\/"},"modified":"2025-07-30T14:06:21","modified_gmt":"2025-07-30T18:06:21","slug":"declaraciones","status":"publish","type":"page","link":"https:\/\/brightmoorchurch.org\/es\/donar\/declaraciones\/","title":{"rendered":"Declaraciones"},"content":{"rendered":"\t\t<div data-elementor-type=\"wp-page\" data-elementor-id=\"21756\" class=\"elementor elementor-21756 elementor-15057\" data-elementor-post-type=\"page\">\n\t\t\t\t<div class=\"elementor-element elementor-element-22a2681 e-flex e-con-boxed e-con e-parent\" data-id=\"22a2681\" data-element_type=\"container\" data-e-type=\"container\" data-settings=\"{&quot;background_background&quot;:&quot;classic&quot;}\">\n\t\t\t\t\t<div class=\"e-con-inner\">\n\t\t\t\t<div class=\"elementor-element elementor-element-10657aa elementor-widget__width-initial elementor-widget elementor-widget-heading\" data-id=\"10657aa\" data-element_type=\"widget\" data-e-type=\"widget\" data-widget_type=\"heading.default\">\n\t\t\t\t\t<h1 class=\"elementor-heading-title elementor-size-default\">C\u00f3mo ver sus declaraciones de donaciones utilizando un navegador web\n<\/h1>\t\t\t\t<\/div>\n\t\t\t\t<div class=\"elementor-element elementor-element-ba6afff elementor-widget elementor-widget-button\" data-id=\"ba6afff\" data-element_type=\"widget\" data-e-type=\"widget\" data-widget_type=\"button.default\">\n\t\t\t\t\t\t\t\t\t\t<a class=\"elementor-button elementor-button-link elementor-size-sm elementor-animation-pulse-shrink\" href=\"https:\/\/pushpay.com\/g\/brightmoorchurch\" target=\"_blank\" rel=\"noopener\">\n\t\t\t\t\t\t<span class=\"elementor-button-content-wrapper\">\n\t\t\t\t\t\t<span class=\"elementor-button-icon\">\n\t\t\t\t<svg aria-hidden=\"true\" class=\"e-font-icon-svg e-fas-hand-holding-heart\" viewBox=\"0 0 576 512\" xmlns=\"http:\/\/www.w3.org\/2000\/svg\"><path d=\"M275.3 250.5c7 7.4 18.4 7.4 25.5 0l108.9-114.2c31.6-33.2 29.8-88.2-5.6-118.8-30.8-26.7-76.7-21.9-104.9 7.7L288 36.9l-11.1-11.6C248.7-4.4 202.8-9.2 172 17.5c-35.3 30.6-37.2 85.6-5.6 118.8l108.9 114.2zm290 77.6c-11.8-10.7-30.2-10-42.6 0L430.3 402c-11.3 9.1-25.4 14-40 14H272c-8.8 0-16-7.2-16-16s7.2-16 16-16h78.3c15.9 0 30.7-10.9 33.3-26.6 3.3-20-12.1-37.4-31.6-37.4H192c-27 0-53.1 9.3-74.1 26.3L71.4 384H16c-8.8 0-16 7.2-16 16v96c0 8.8 7.2 16 16 16h356.8c14.5 0 28.6-4.9 40-14L564 377c15.2-12.1 16.4-35.3 1.3-48.9z\"><\/path><\/svg>\t\t\t<\/span>\n\t\t\t\t\t\t\t\t\t<span class=\"elementor-button-text\">HAGA CLIC PARA DONAR<\/span>\n\t\t\t\t\t<\/span>\n\t\t\t\t\t<\/a>\n\t\t\t\t\t\t\t\t<\/div>\n\t\t\t\t\t<\/div>\n\t\t\t\t<\/div>\n\t\t<div class=\"elementor-element elementor-element-71d544e e-flex e-con-boxed e-con e-parent\" data-id=\"71d544e\" data-element_type=\"container\" data-e-type=\"container\" data-settings=\"{&quot;background_background&quot;:&quot;classic&quot;}\">\n\t\t\t\t\t<div class=\"e-con-inner\">\n\t\t\t\t<div class=\"elementor-element elementor-element-18f61b0 elementor-widget elementor-widget-heading\" data-id=\"18f61b0\" data-element_type=\"widget\" data-e-type=\"widget\" data-widget_type=\"heading.default\">\n\t\t\t\t\t<h2 class=\"elementor-heading-title elementor-size-default\">Descripci\u00f3n general<\/h2>\t\t\t\t<\/div>\n\t\t\t\t<div class=\"elementor-element elementor-element-a94ed78 elementor-widget elementor-widget-text-editor\" data-id=\"a94ed78\" data-element_type=\"widget\" data-e-type=\"widget\" data-widget_type=\"text-editor.default\">\n\t\t\t\t\t\t\t\t\t<p>\u00bfNecesita ver un registro del total de sus donaciones del trimestre o del a\u00f1o? Con la funci\u00f3n de Declaraciones de donaciones, puede acceder r\u00e1pidamente a todos sus registros de donaciones de Pushpay para fines fiscales, tal como <a href=\"https:\/\/www.irs.gov\/charities-non-profits\/charitable-organizations\/charitable-contributions-written-acknowledgments\" target=\"_blank\" rel=\"noopener\">lo estipula el IRS<\/a>, directamente desde su cuenta de Pushpay. <\/p><p>Si tiene preguntas espec\u00edficas sobre su Declaraci\u00f3n de donaciones, consulte nuestras preguntas frecuentes <a href=\"https:\/\/help.pushpay.com\/s\/knowledge\/Does-Pushpay-provide-me-with-a-Year-End-Tax-Statement?topic=All\" target=\"_blank\" rel=\"noopener\">aqu\u00ed<\/a>.<\/p><p>Sabemos que es posible que necesite ver esta informaci\u00f3n en su tel\u00e9fono m\u00f3vil o en un ordenador de escritorio, en diferentes situaciones. Visite el siguiente enlace para encontrar los pasos para su experiencia preferida: <\/p>\t\t\t\t\t\t\t\t<\/div>\n\t\t\t\t<div class=\"elementor-element elementor-element-fd355a6 elementor-widget elementor-widget-heading\" data-id=\"fd355a6\" data-element_type=\"widget\" data-e-type=\"widget\" data-widget_type=\"heading.default\">\n\t\t\t\t\t<p class=\"elementor-heading-title elementor-size-default\"><a href=\"#desktop\">Experiencia de escritorio<\/a><\/p>\t\t\t\t<\/div>\n\t\t\t\t<div class=\"elementor-element elementor-element-d0efeb6 elementor-widget elementor-widget-heading\" data-id=\"d0efeb6\" data-element_type=\"widget\" data-e-type=\"widget\" data-widget_type=\"heading.default\">\n\t\t\t\t\t<p class=\"elementor-heading-title elementor-size-default\"><a href=\"#mobile\">Experiencia m\u00f3vil<\/a><\/p>\t\t\t\t<\/div>\n\t\t\t\t<div class=\"elementor-element elementor-element-4549036 elementor-widget elementor-widget-text-editor\" data-id=\"4549036\" data-element_type=\"widget\" data-e-type=\"widget\" data-widget_type=\"text-editor.default\">\n\t\t\t\t\t\t\t\t\t<p>O, si prefiere ver sus declaraciones desde la aplicaci\u00f3n Brightmoor, puede encontrar las instrucciones <a href=\"https:\/\/help.pushpay.com\/s\/knowledge\/How-to-View-My-Giving-Statements-in-the-App\" target=\"_blank\" rel=\"noopener\">aqu\u00ed<\/a>.<\/p>\t\t\t\t\t\t\t\t<\/div>\n\t\t\t\t<div class=\"elementor-element elementor-element-d5bf8f0 elementor-widget-divider--view-line elementor-widget elementor-widget-divider\" data-id=\"d5bf8f0\" data-element_type=\"widget\" data-e-type=\"widget\" id=\"desktop\" data-widget_type=\"divider.default\">\n\t\t\t\t\t\t\t<div class=\"elementor-divider\">\n\t\t\t<span class=\"elementor-divider-separator\">\n\t\t\t\t\t\t<\/span>\n\t\t<\/div>\n\t\t\t\t\t\t<\/div>\n\t\t\t\t<div class=\"elementor-element elementor-element-47a6d82 elementor-widget elementor-widget-heading\" data-id=\"47a6d82\" data-element_type=\"widget\" data-e-type=\"widget\" data-widget_type=\"heading.default\">\n\t\t\t\t\t<h2 class=\"elementor-heading-title elementor-size-default\">Visualizaci\u00f3n de declaraciones de donaciones: experiencia de escritorio\n<\/h2>\t\t\t\t<\/div>\n\t\t\t\t<div class=\"elementor-element elementor-element-a7f4645 elementor-widget elementor-widget-text-editor\" data-id=\"a7f4645\" data-element_type=\"widget\" data-e-type=\"widget\" data-widget_type=\"text-editor.default\">\n\t\t\t\t\t\t\t\t\t<p>1. Inicie sesi\u00f3n en su <a href=\"https:\/\/www.pushpay.com\/login\" target=\"_blank\" rel=\"noopener\">cuenta de Pushpay<\/a> utilizando su <a href=\"https:\/\/help.pushpay.com\/s\/knowledge\/Passwordless-Sign-In-Overview\" target=\"_blank\" rel=\"noopener\">n\u00famero de m\u00f3vil<\/a> o <a href=\"https:\/\/help.pushpay.com\/s\/knowledge\/How-to-Login-with-a-Password-to-my-Pushpay-Account\" target=\"_blank\" rel=\"noopener\">correo electr\u00f3nico y contrase\u00f1a<\/a>.<\/p><p>2. Una vez que haya iniciado sesi\u00f3n, seleccione \u201cDeclaraciones de donaciones\u201d en la barra de men\u00fa de la izquierda.<\/p>\t\t\t\t\t\t\t\t<\/div>\n\t\t\t\t<div class=\"elementor-element elementor-element-64b4c26 elementor-widget elementor-widget-image\" data-id=\"64b4c26\" data-element_type=\"widget\" data-e-type=\"widget\" data-widget_type=\"image.default\">\n\t\t\t\t\t\t\t\t\t\t\t\t\t\t\t\t<a href=\"https:\/\/designccb.s3.us-east-1.amazonaws.com\/helpdesk\/images\/How+to+View+GS+in+browser+1.png\" data-elementor-open-lightbox=\"yes\" data-e-action-hash=\"#elementor-action%3Aaction%3Dlightbox%26settings%3DW10%3D\" target=\"_blank\" rel=\"noopener\">\n\t\t\t\t\t\t\t<img decoding=\"async\" src=\"https:\/\/designccb.s3.us-east-1.amazonaws.com\/helpdesk\/images\/How+to+View+GS+in+browser+1.png\" title=\"\" alt=\"\" loading=\"lazy\" \/>\t\t\t\t\t\t\t\t<\/a>\n\t\t\t\t\t\t\t\t\t\t\t\t\t\t\t<\/div>\n\t\t\t\t<div class=\"elementor-element elementor-element-9224972 elementor-widget elementor-widget-text-editor\" data-id=\"9224972\" data-element_type=\"widget\" data-e-type=\"widget\" data-widget_type=\"text-editor.default\">\n\t\t\t\t\t\t\t\t\t<p>3. Aqu\u00ed se mostrar\u00e1n todas las Declaraciones de donaciones publicadas relacionadas con su perfil. A la derecha, puede elegir \u201cVer\u201d o \u201cDescargar\u201d la Declaraci\u00f3n de donaciones que desee. <\/p>\t\t\t\t\t\t\t\t<\/div>\n\t\t\t\t<div class=\"elementor-element elementor-element-c820bce elementor-widget elementor-widget-image\" data-id=\"c820bce\" data-element_type=\"widget\" data-e-type=\"widget\" data-widget_type=\"image.default\">\n\t\t\t\t\t\t\t\t\t\t\t\t\t\t\t\t<a href=\"https:\/\/designccb.s3.us-east-1.amazonaws.com\/helpdesk\/images\/How+to+View+GS+in+browser+2.png\" data-elementor-open-lightbox=\"yes\" data-e-action-hash=\"#elementor-action%3Aaction%3Dlightbox%26settings%3DW10%3D\" target=\"_blank\" rel=\"noopener\">\n\t\t\t\t\t\t\t<img decoding=\"async\" src=\"https:\/\/designccb.s3.us-east-1.amazonaws.com\/helpdesk\/images\/How+to+View+GS+in+browser+2.png\" title=\"\" alt=\"\" loading=\"lazy\" \/>\t\t\t\t\t\t\t\t<\/a>\n\t\t\t\t\t\t\t\t\t\t\t\t\t\t\t<\/div>\n\t\t\t\t<div class=\"elementor-element elementor-element-c1776d8 elementor-widget-divider--view-line elementor-widget elementor-widget-divider\" data-id=\"c1776d8\" data-element_type=\"widget\" data-e-type=\"widget\" id=\"mobile\" data-widget_type=\"divider.default\">\n\t\t\t\t\t\t\t<div class=\"elementor-divider\">\n\t\t\t<span class=\"elementor-divider-separator\">\n\t\t\t\t\t\t<\/span>\n\t\t<\/div>\n\t\t\t\t\t\t<\/div>\n\t\t\t\t<div class=\"elementor-element elementor-element-cb2d037 elementor-widget elementor-widget-heading\" data-id=\"cb2d037\" data-element_type=\"widget\" data-e-type=\"widget\" data-widget_type=\"heading.default\">\n\t\t\t\t\t<h2 class=\"elementor-heading-title elementor-size-default\">Visualizaci\u00f3n de declaraciones de donaciones: experiencia m\u00f3vil\n<\/h2>\t\t\t\t<\/div>\n\t\t\t\t<div class=\"elementor-element elementor-element-46ecfce elementor-widget elementor-widget-text-editor\" data-id=\"46ecfce\" data-element_type=\"widget\" data-e-type=\"widget\" data-widget_type=\"text-editor.default\">\n\t\t\t\t\t\t\t\t\t<p>1. Inicie sesi\u00f3n en su <a href=\"https:\/\/www.pushpay.com\/login\" target=\"_blank\" rel=\"noopener\">cuenta de Pushpay<\/a> utilizando su <a href=\"https:\/\/help.pushpay.com\/s\/knowledge\/Passwordless-Sign-In-Overview\" target=\"_blank\" rel=\"noopener\">n\u00famero de m\u00f3vil<\/a> o <a href=\"https:\/\/help.pushpay.com\/s\/knowledge\/How-to-Login-with-a-Password-to-my-Pushpay-Account\" target=\"_blank\" rel=\"noopener\">correo electr\u00f3nico y contrase\u00f1a<\/a>.<\/p><p>2. Desde la pantalla de \u201cBienvenida\u201d, toque el icono de men\u00fa en la esquina superior izquierda.<\/p>\t\t\t\t\t\t\t\t<\/div>\n\t\t\t\t<div class=\"elementor-element elementor-element-b8bcab3 elementor-widget elementor-widget-image\" data-id=\"b8bcab3\" data-element_type=\"widget\" data-e-type=\"widget\" data-widget_type=\"image.default\">\n\t\t\t\t\t\t\t\t\t\t\t\t\t\t\t\t<a href=\"https:\/\/designccb.s3.us-east-1.amazonaws.com\/helpdesk\/images\/How+to+View+GS+in+browser+3.png\" data-elementor-open-lightbox=\"yes\" data-e-action-hash=\"#elementor-action%3Aaction%3Dlightbox%26settings%3DW10%3D\" target=\"_blank\" rel=\"noopener\">\n\t\t\t\t\t\t\t<img decoding=\"async\" src=\"https:\/\/designccb.s3.us-east-1.amazonaws.com\/helpdesk\/images\/How+to+View+GS+in+browser+3.png\" title=\"\" alt=\"\" loading=\"lazy\" \/>\t\t\t\t\t\t\t\t<\/a>\n\t\t\t\t\t\t\t\t\t\t\t\t\t\t\t<\/div>\n\t\t\t\t<div class=\"elementor-element elementor-element-967d0e3 elementor-widget elementor-widget-text-editor\" data-id=\"967d0e3\" data-element_type=\"widget\" data-e-type=\"widget\" data-widget_type=\"text-editor.default\">\n\t\t\t\t\t\t\t\t\t<p>3. En el men\u00fa desplegable, seleccione \u201cDeclaraciones de donaciones\u201d.<\/p>\t\t\t\t\t\t\t\t<\/div>\n\t\t\t\t<div class=\"elementor-element elementor-element-1a99c9e elementor-widget elementor-widget-image\" data-id=\"1a99c9e\" data-element_type=\"widget\" data-e-type=\"widget\" data-widget_type=\"image.default\">\n\t\t\t\t\t\t\t\t\t\t\t\t\t\t\t\t<a href=\"https:\/\/designccb.s3.us-east-1.amazonaws.com\/helpdesk\/images\/How+to+View+GS+in+browser+4.png\" data-elementor-open-lightbox=\"yes\" data-e-action-hash=\"#elementor-action%3Aaction%3Dlightbox%26settings%3DW10%3D\" target=\"_blank\" rel=\"noopener\">\n\t\t\t\t\t\t\t<img decoding=\"async\" src=\"https:\/\/designccb.s3.us-east-1.amazonaws.com\/helpdesk\/images\/How+to+View+GS+in+browser+4.png\" title=\"\" alt=\"\" loading=\"lazy\" \/>\t\t\t\t\t\t\t\t<\/a>\n\t\t\t\t\t\t\t\t\t\t\t\t\t\t\t<\/div>\n\t\t\t\t<div class=\"elementor-element elementor-element-55689a7 elementor-widget elementor-widget-text-editor\" data-id=\"55689a7\" data-element_type=\"widget\" data-e-type=\"widget\" data-widget_type=\"text-editor.default\">\n\t\t\t\t\t\t\t\t\t<p>4. Ver\u00e1 una lista de todas las Declaraciones de donaciones publicadas. Toque \u201cVer\u201d para abrir la declaraci\u00f3n que desee. <\/p>\t\t\t\t\t\t\t\t<\/div>\n\t\t\t\t<div class=\"elementor-element elementor-element-c9650ab elementor-widget elementor-widget-image\" data-id=\"c9650ab\" data-element_type=\"widget\" data-e-type=\"widget\" data-widget_type=\"image.default\">\n\t\t\t\t\t\t\t\t\t\t\t\t\t\t\t\t<a href=\"https:\/\/designccb.s3.us-east-1.amazonaws.com\/helpdesk\/images\/How+to+View+GS+in+browser+5.png\" data-elementor-open-lightbox=\"yes\" data-e-action-hash=\"#elementor-action%3Aaction%3Dlightbox%26settings%3DW10%3D\" target=\"_blank\" rel=\"noopener\">\n\t\t\t\t\t\t\t<img decoding=\"async\" src=\"https:\/\/designccb.s3.us-east-1.amazonaws.com\/helpdesk\/images\/How+to+View+GS+in+browser+5.png\" title=\"\" alt=\"\" loading=\"lazy\" \/>\t\t\t\t\t\t\t\t<\/a>\n\t\t\t\t\t\t\t\t\t\t\t\t\t\t\t<\/div>\n\t\t\t\t<div class=\"elementor-element elementor-element-81b84f2 elementor-widget elementor-widget-heading\" data-id=\"81b84f2\" data-element_type=\"widget\" data-e-type=\"widget\" data-widget_type=\"heading.default\">\n\t\t\t\t\t<p class=\"elementor-heading-title elementor-size-default\">Nota: los pasos para descargar sus declaraciones de donaciones desde un dispositivo m\u00f3vil pueden variar, dependiendo de su sistema operativo y modelo de dispositivo. Para la mayor\u00eda de los tel\u00e9fonos y tabletas, deber\u00eda ver alg\u00fan tipo de icono de \u201cflecha hacia abajo\u201d o un bot\u00f3n de \u201cguardar\/descargar\u201d cuando vea la declaraci\u00f3n. <\/p>\t\t\t\t<\/div>\n\t\t\t\t\t<\/div>\n\t\t\t\t<\/div>\n\t\t\t\t<\/div>\n\t\t","protected":false},"excerpt":{"rendered":"<p>C\u00f3mo ver sus declaraciones de donaciones utilizando un navegador web HAGA CLIC PARA DONAR Descripci\u00f3n general \u00bfNecesita ver un registro del total de sus donaciones del trimestre o del a\u00f1o? Con la funci\u00f3n de Declaraciones de donaciones, puede acceder r\u00e1pidamente a todos sus registros de donaciones de Pushpay para fines fiscales, tal como lo estipula [&hellip;]<\/p>\n","protected":false},"author":1,"featured_media":0,"parent":22203,"menu_order":26,"comment_status":"closed","ping_status":"closed","template":"","meta":{"footnotes":""},"class_list":["post-21756","page","type-page","status-publish","hentry"],"_links":{"self":[{"href":"https:\/\/brightmoorchurch.org\/es\/wp-json\/wp\/v2\/pages\/21756","targetHints":{"allow":["GET"]}}],"collection":[{"href":"https:\/\/brightmoorchurch.org\/es\/wp-json\/wp\/v2\/pages"}],"about":[{"href":"https:\/\/brightmoorchurch.org\/es\/wp-json\/wp\/v2\/types\/page"}],"author":[{"embeddable":true,"href":"https:\/\/brightmoorchurch.org\/es\/wp-json\/wp\/v2\/users\/1"}],"replies":[{"embeddable":true,"href":"https:\/\/brightmoorchurch.org\/es\/wp-json\/wp\/v2\/comments?post=21756"}],"version-history":[{"count":0,"href":"https:\/\/brightmoorchurch.org\/es\/wp-json\/wp\/v2\/pages\/21756\/revisions"}],"up":[{"embeddable":true,"href":"https:\/\/brightmoorchurch.org\/es\/wp-json\/wp\/v2\/pages\/22203"}],"wp:attachment":[{"href":"https:\/\/brightmoorchurch.org\/es\/wp-json\/wp\/v2\/media?parent=21756"}],"curies":[{"name":"wp","href":"https:\/\/api.w.org\/{rel}","templated":true}]}}