{"id":22285,"date":"2023-10-09T14:43:37","date_gmt":"2023-10-09T18:43:37","guid":{"rendered":"https:\/\/brightmoorchurch.org\/datenschutzrichtlinie\/"},"modified":"2025-07-30T14:09:28","modified_gmt":"2025-07-30T18:09:28","slug":"datenschutzrichtlinie","status":"publish","type":"page","link":"https:\/\/brightmoorchurch.org\/de\/datenschutzrichtlinie\/","title":{"rendered":"Datenschutzrichtlinie"},"content":{"rendered":"\t\t<div data-elementor-type=\"wp-page\" data-elementor-id=\"22285\" class=\"elementor elementor-22285 elementor-3\" data-elementor-post-type=\"page\">\n\t\t\t\t<div class=\"elementor-element elementor-element-2ac2bd26 e-flex e-con-boxed e-con e-parent\" data-id=\"2ac2bd26\" data-element_type=\"container\" data-e-type=\"container\" data-settings=\"{&quot;background_background&quot;:&quot;classic&quot;}\">\n\t\t\t\t\t<div class=\"e-con-inner\">\n\t\t\t\t<div class=\"elementor-element elementor-element-528c1a39 elementor-widget elementor-widget-text-editor\" data-id=\"528c1a39\" data-element_type=\"widget\" data-e-type=\"widget\" data-widget_type=\"text-editor.default\">\n\t\t\t\t\t\t\t\t\t<p class=\"p1\"><b>BRIGHTMOOR-DATENSCHUTZRICHTLINIE <\/b><\/p><p class=\"p1\">Brightmoor Christian Church (\u201ewir\u201c, \u201euns\u201c oder \u201eBCC\u201c) gew\u00e4hrt Ihnen (im Folgenden als \u201eSie\u201c oder \u201eBenutzer\u201c bezeichnet) Zugriff auf diese Website oder Smartphone-Anwendung (jeweils als die \u201eSite\u201c bezeichnet). Die Arten von pers\u00f6nlichen und nicht-pers\u00f6nlichen Informationen, die wir auf der Site sammeln, wie wir diese Informationen verwenden und an wen und unter welchen Bedingungen wir sie weitergeben d\u00fcrfen, werden alle in dieser Datenschutzerkl\u00e4rung behandelt. Sie stimmen der Erfassung, Verwendung und Weitergabe Ihrer pers\u00f6nlichen Daten (unten definiert) in \u00dcbereinstimmung mit dieser Datenschutzrichtlinie zu, indem Sie die Site nutzen. Bitte unterlassen Sie die Nutzung der Site, wenn Sie den Bedingungen dieser Datenschutzerkl\u00e4rung nicht zustimmen.   <\/p><p class=\"p1\"><b>Datenerfassung:<\/b><\/p><p class=\"p1\">Wenn Sie diese Website besuchen oder mit BCC \u00fcber ein mobiles Ger\u00e4t kommunizieren, erfassen wir m\u00f6glicherweise Daten \u00fcber Ihre Sehgewohnheiten, Ihren Browser, Ihr Betriebssystem, Ihre IP-Adresse und alle pers\u00f6nlich identifizierbaren Informationen, die Sie BCC freiwillig geben.<\/p><p class=\"p1\"><b>Pers\u00f6nlich identifizierbare Informationen:<\/b><\/p><p class=\"p1\">Alle Informationen, die vern\u00fcnftigerweise verwendet werden k\u00f6nnten, um Sie pers\u00f6nlich zu identifizieren, gelten als pers\u00f6nlich identifizierbare Informationen. Name, Adresse, E-Mail, Telefonnummer, Postleitzahl, Geschlecht, Geburtstag, Kreditkarteninformationen und Hobbys sind nur einige Beispiele. <\/p><p class=\"p1\"><b>Was sind Cookies und wie werden sie verwendet? <\/b><\/p><p class=\"p1\">Cookies sind Textdateien mit kleinen Datenelementen, die verwendet werden, um Ihren Computer zu identifizieren, w\u00e4hrend Sie ein Computernetzwerk verwenden. Cookies k\u00f6nnen verwendet werden, um bestimmte Benutzer zu identifizieren und Ihr Web-Browsing-Erlebnis zu verbessern. <span class=\"Apple-converted-space\">  <\/span>Die in einem Cookie gespeicherten Daten werden vom Server bei Ihrer Verbindung erstellt. Diese Daten werden mit einer ID gekennzeichnet, die f\u00fcr Sie und Ihren Computer eindeutig ist. <\/p><p class=\"p1\">Wenn der Cookie zwischen Ihrem Computer und dem Netzwerkserver ausgetauscht wird, liest der Server die ID und wei\u00df, welche Informationen er Ihnen speziell bereitstellen soll.<span class=\"Apple-converted-space\">  <\/span>Die meisten Computer akzeptieren Cookies automatisch. Indem Sie zum Optionsmen\u00fc Ihres Browsers navigieren, k\u00f6nnen Sie verhindern, dass Cookies auf Ihrem Ger\u00e4t gespeichert werden. <\/p><p class=\"p1\">BCC kann ein \u201eCookie\u201c auf Ihrem Computer platzieren, damit wir Sie erkennen k\u00f6nnen, wenn Sie unsere Website besuchen, um Ihnen ein personalisiertes Erlebnis zu bieten und Ihre Sehgewohnheiten zu verfolgen.<span class=\"Apple-converted-space\">  <\/span>Wir verwenden keine Cookies, um vor oder nach dem Verlassen der BCC-Websites pers\u00f6nliche Informationen \u00fcber Sie zu erhalten.<\/p><p class=\"p1\"><b>Welche Art von Informationen sammelt BCC? <\/b><\/p><p class=\"p1\">BCC sammelt zwei verschiedene Arten von Informationen. Eine Kategorie sind freiwillige Informationen, die Sie angeben, einschlie\u00dflich Mitgliedschaftsdetails, Versand- und Zahlungsdetails oder Informationen im Zusammenhang mit der Veranstaltungsregistrierung. Die zweite Art von Informationen, die BCC sammelt, sind Benutzerdaten, d. h. Informationen, die von Ihrem Computer bereitgestellt werden, wenn Sie diese Website besuchen, oder von Ihrem Mobilger\u00e4t, wenn Sie Textnachrichtenanfragen stellen und wir auf diese antworten.  <\/p><p class=\"p1\"><b>Was macht BCC mit den gesammelten Informationen? <\/b><\/p><p class=\"p1\">Die Informationen, die BCC sammelt, erm\u00f6glichen es uns, Ihnen Informationen und Dienstleistungen bereitzustellen. Wir k\u00f6nnen Informationen, die wir sammeln, mit Daten kombinieren, die wir aus anderen Quellen erhalten. Ihre pers\u00f6nlichen Daten k\u00f6nnen von Novi Christian Academy, Train Station Preschool und Brightmoor Legacy Foundation sowie von BCC f\u00fcr kirchliche Zwecke verwendet werden. Dazu geh\u00f6ren Informationen, die Sie BCC geben oder die wir \u00fcber diese Website oder mobile Kommunikation sammeln.   <\/p><p class=\"p1\">Wir werden Ihre pers\u00f6nlichen Daten nicht an kommerzielle Unternehmen verkaufen, vermieten oder verleasen. Wir k\u00f6nnen Ihre Daten an Unternehmen weitergeben, die Dienstleistungen f\u00fcr uns erbringen, sowie an verbundene oder angeschlossene kirchliche Einrichtungen. Alle Informationen, die BCC an Dritte weitergeben darf (abgesehen von Dienstleistern und verbundenen kirchlichen Einrichtungen), werden nur in zusammengefasster Form zur Verf\u00fcgung gestellt und enthalten keine pers\u00f6nlich identifizierbaren Daten. F\u00fcr Marketing- und Kirchenstatistiken sind zusammengefasste Informationen hilfreich. Ohne Ihre ausdr\u00fcckliche Genehmigung wird BCC niemals Ihren Namen, Ihre Adresse, Ihre E-Mail-Adresse oder Ihre Telefonnummer weitergeben, es sei denn, dies ist erforderlich, um das Gesetz einzuhalten oder f\u00fcr rechtliche Zwecke.    <\/p><p class=\"p1\">M\u00f6glicherweise k\u00f6nnen Sie \u00fcber BCC oder andere verbundene kirchliche Organisationen auf Chatrooms, Message Boards oder andere \u00e4hnliche Diskussionsplattformen zugreifen. Bitte beachten Sie, dass alle Informationen, die Sie in diesen Bereichen offenlegen, als \u00f6ffentliche Informationen gelten und nicht gesch\u00fctzt sind.  <\/p><p class=\"p1\"><b>Wie wirkt sich die Verlinkung zu anderen Websites auf meinen Datenschutz aus? <\/b><\/p><p class=\"p1\">Als Gef\u00e4lligkeit stellt BCC Links zu anderen Websites bereit, die weder Eigentum von BCC sind noch von BCC kontrolliert werden. Einige dieser Websites verwenden m\u00f6glicherweise das BCC-Logo. Diese Websites Dritter unterliegen jedoch NICHT der BCC-Datenschutzrichtlinie oder sind an diese gebunden. Solche Websites Dritter haben m\u00f6glicherweise ihre eigenen Datenschutzrichtlinien oder auch nicht und sammeln m\u00f6glicherweise pers\u00f6nliche Daten von Ihnen oder platzieren Cookies auf Ihrem Ger\u00e4t. BCC ist nicht verantwortlich f\u00fcr die Datenschutzrichtlinien oder Informationserfassungspraktiken dieser Websites oder f\u00fcr Sch\u00e4den, die daraus resultieren.    <\/p><p class=\"p1\"><b>Wie sch\u00fctzt BCC die Sicherheit der \u00fcber mich gesammelten Informationen? <\/b><\/p><p class=\"p1\">BCC legt gro\u00dfen Wert auf die Sicherheit der von Ihnen bereitgestellten Informationen. Daher hat BCC eine Reihe von Schritten unternommen, um Ihre Daten zu sch\u00fctzen. Eine SSL-Verbindung (Secure Socket Layer) wird f\u00fcr alle Transaktionen verwendet, die sensible Informationen erfordern, wie z. B. Ihre Kredit-\/Debitkartennummer und Ihr Ablaufdatum. Diese Verbindung bietet eine erh\u00f6hte Sicherheit f\u00fcr die Informationen, w\u00e4hrend sie an unsere Website \u00fcbertragen werden. Wenn unser Sicherheitssystem kompromittiert wird, wird BCC versuchen, Sie so schnell wie m\u00f6glich zu informieren.    <\/p><p class=\"p1\"><b>BCC sch\u00fctzt die Privatsph\u00e4re von Kindern:<\/b><\/p><p class=\"p1\">Die Sicherheit und der Schutz der Privatsph\u00e4re von Kindern haben f\u00fcr BCC Priorit\u00e4t. Ohne nachweisbare elterliche Zustimmung wird BCC nicht wissentlich pers\u00f6nlich identifizierbare Informationen von Minderj\u00e4hrigen unter 13 Jahren sammeln. Bitte kontaktieren Sie uns, wenn Sie Fragen oder Bedenken zum Schutz der Privatsph\u00e4re von Kindern haben oder wenn Eltern die Zustimmung verweigern und BCC bitten m\u00f6chten, die Daten ihres Kindes zu l\u00f6schen.  <\/p><p class=\"p1\"><b>BCC beh\u00e4lt sich das Recht vor, diese Richtlinie zu \u00e4ndern oder zu erg\u00e4nzen:<\/b><\/p><p class=\"p1\">Diese Richtlinie gilt ab dem 1. Juni 2023. BCC beh\u00e4lt sich das Recht vor, diese Richtlinie zu \u00e4ndern, zu erg\u00e4nzen oder neu zu formulieren. Um die neuesten Richtlinien zu erfahren, sollten Sie diese Seite regelm\u00e4\u00dfig \u00fcberpr\u00fcfen. Die Bedingungen dieser Datenschutzrichtlinie gelten weiterhin f\u00fcr alle Informationen, die im Rahmen der bestehenden Richtlinie erhalten wurden. Alle neuen Informationen, die nach Inkrafttreten der \u00c4nderungen gesammelt werden, unterliegen gegebenenfalls der \u00fcberarbeiteten Datenschutzrichtlinie.    <\/p><p class=\"p1\"><b>Ihre ausdr\u00fcckliche Zustimmung zur Erfassung und Verwendung von pers\u00f6nlich identifizierbaren Informationen durch Brightmoor:<\/b><\/p><p class=\"p1\">Durch die Nutzung dieser BCC-Website geben Sie uns Ihre ausdr\u00fcckliche Zustimmung, die Informationen, die wir \u00fcber Sie sammeln, in der in dieser Datenschutzrichtlinie beschriebenen Weise zu verwenden.<\/p><p class=\"p1\"><b>Fragen oder Bedenken? <\/b><\/p><p class=\"p1\">Wenn Sie Fragen oder Bedenken zu dieser Datenschutzrichtlinie haben, wenden Sie sich bitte an das Brightmoor Church Office unter <a href=\"mailto:reports@brightmoorcc.org\"><span class=\"s1\">reports@brightmoorcc.org<\/span><\/a> <\/p>\t\t\t\t\t\t\t\t<\/div>\n\t\t\t\t\t<\/div>\n\t\t\t\t<\/div>\n\t\t\t\t<\/div>\n\t\t","protected":false},"excerpt":{"rendered":"<p>BRIGHTMOOR-DATENSCHUTZRICHTLINIE Brightmoor Christian Church (\u201ewir\u201c, \u201euns\u201c oder \u201eBCC\u201c) gew\u00e4hrt Ihnen (im Folgenden als \u201eSie\u201c oder \u201eBenutzer\u201c bezeichnet) Zugriff auf diese Website oder Smartphone-Anwendung (jeweils als die \u201eSite\u201c bezeichnet). Die Arten von pers\u00f6nlichen und nicht-pers\u00f6nlichen Informationen, die wir auf der Site sammeln, wie wir diese Informationen verwenden und an wen und unter welchen Bedingungen wir sie [&hellip;]<\/p>\n","protected":false},"author":1,"featured_media":0,"parent":0,"menu_order":23,"comment_status":"closed","ping_status":"open","template":"","meta":{"footnotes":""},"class_list":["post-22285","page","type-page","status-publish","hentry"],"_links":{"self":[{"href":"https:\/\/brightmoorchurch.org\/de\/wp-json\/wp\/v2\/pages\/22285","targetHints":{"allow":["GET"]}}],"collection":[{"href":"https:\/\/brightmoorchurch.org\/de\/wp-json\/wp\/v2\/pages"}],"about":[{"href":"https:\/\/brightmoorchurch.org\/de\/wp-json\/wp\/v2\/types\/page"}],"author":[{"embeddable":true,"href":"https:\/\/brightmoorchurch.org\/de\/wp-json\/wp\/v2\/users\/1"}],"replies":[{"embeddable":true,"href":"https:\/\/brightmoorchurch.org\/de\/wp-json\/wp\/v2\/comments?post=22285"}],"version-history":[{"count":0,"href":"https:\/\/brightmoorchurch.org\/de\/wp-json\/wp\/v2\/pages\/22285\/revisions"}],"wp:attachment":[{"href":"https:\/\/brightmoorchurch.org\/de\/wp-json\/wp\/v2\/media?parent=22285"}],"curies":[{"name":"wp","href":"https:\/\/api.w.org\/{rel}","templated":true}]}}