{"id":21770,"date":"2025-01-14T16:57:59","date_gmt":"2025-01-14T21:57:59","guid":{"rendered":"https:\/\/brightmoorchurch.org\/aussagen\/"},"modified":"2025-07-30T14:07:07","modified_gmt":"2025-07-30T18:07:07","slug":"aussagen","status":"publish","type":"page","link":"https:\/\/brightmoorchurch.org\/de\/geben\/aussagen\/","title":{"rendered":"Aussagen"},"content":{"rendered":"\t\t<div data-elementor-type=\"wp-page\" data-elementor-id=\"21770\" class=\"elementor elementor-21770 elementor-15057\" data-elementor-post-type=\"page\">\n\t\t\t\t<div class=\"elementor-element elementor-element-22a2681 e-flex e-con-boxed e-con e-parent\" data-id=\"22a2681\" data-element_type=\"container\" data-e-type=\"container\" data-settings=\"{&quot;background_background&quot;:&quot;classic&quot;}\">\n\t\t\t\t\t<div class=\"e-con-inner\">\n\t\t\t\t<div class=\"elementor-element elementor-element-10657aa elementor-widget__width-initial elementor-widget elementor-widget-heading\" data-id=\"10657aa\" data-element_type=\"widget\" data-e-type=\"widget\" data-widget_type=\"heading.default\">\n\t\t\t\t\t<h1 class=\"elementor-heading-title elementor-size-default\">So zeigen Sie Ihre Spenden\u00fcbersichten mit einem Webbrowser an\n<\/h1>\t\t\t\t<\/div>\n\t\t\t\t<div class=\"elementor-element elementor-element-ba6afff elementor-widget elementor-widget-button\" data-id=\"ba6afff\" data-element_type=\"widget\" data-e-type=\"widget\" data-widget_type=\"button.default\">\n\t\t\t\t\t\t\t\t\t\t<a class=\"elementor-button elementor-button-link elementor-size-sm elementor-animation-pulse-shrink\" href=\"https:\/\/pushpay.com\/g\/brightmoorchurch\" target=\"_blank\" rel=\"noopener\">\n\t\t\t\t\t\t<span class=\"elementor-button-content-wrapper\">\n\t\t\t\t\t\t<span class=\"elementor-button-icon\">\n\t\t\t\t<svg aria-hidden=\"true\" class=\"e-font-icon-svg e-fas-hand-holding-heart\" viewBox=\"0 0 576 512\" xmlns=\"http:\/\/www.w3.org\/2000\/svg\"><path d=\"M275.3 250.5c7 7.4 18.4 7.4 25.5 0l108.9-114.2c31.6-33.2 29.8-88.2-5.6-118.8-30.8-26.7-76.7-21.9-104.9 7.7L288 36.9l-11.1-11.6C248.7-4.4 202.8-9.2 172 17.5c-35.3 30.6-37.2 85.6-5.6 118.8l108.9 114.2zm290 77.6c-11.8-10.7-30.2-10-42.6 0L430.3 402c-11.3 9.1-25.4 14-40 14H272c-8.8 0-16-7.2-16-16s7.2-16 16-16h78.3c15.9 0 30.7-10.9 33.3-26.6 3.3-20-12.1-37.4-31.6-37.4H192c-27 0-53.1 9.3-74.1 26.3L71.4 384H16c-8.8 0-16 7.2-16 16v96c0 8.8 7.2 16 16 16h356.8c14.5 0 28.6-4.9 40-14L564 377c15.2-12.1 16.4-35.3 1.3-48.9z\"><\/path><\/svg>\t\t\t<\/span>\n\t\t\t\t\t\t\t\t\t<span class=\"elementor-button-text\">ZUM SPENDEN ANKLICKEN<\/span>\n\t\t\t\t\t<\/span>\n\t\t\t\t\t<\/a>\n\t\t\t\t\t\t\t\t<\/div>\n\t\t\t\t\t<\/div>\n\t\t\t\t<\/div>\n\t\t<div class=\"elementor-element elementor-element-71d544e e-flex e-con-boxed e-con e-parent\" data-id=\"71d544e\" data-element_type=\"container\" data-e-type=\"container\" data-settings=\"{&quot;background_background&quot;:&quot;classic&quot;}\">\n\t\t\t\t\t<div class=\"e-con-inner\">\n\t\t\t\t<div class=\"elementor-element elementor-element-18f61b0 elementor-widget elementor-widget-heading\" data-id=\"18f61b0\" data-element_type=\"widget\" data-e-type=\"widget\" data-widget_type=\"heading.default\">\n\t\t\t\t\t<h2 class=\"elementor-heading-title elementor-size-default\">\u00dcberblick<\/h2>\t\t\t\t<\/div>\n\t\t\t\t<div class=\"elementor-element elementor-element-a94ed78 elementor-widget elementor-widget-text-editor\" data-id=\"a94ed78\" data-element_type=\"widget\" data-e-type=\"widget\" data-widget_type=\"text-editor.default\">\n\t\t\t\t\t\t\t\t\t<p>M\u00fcssen Sie einen Nachweis \u00fcber Ihre Gesamtspenden f\u00fcr das Quartal oder das Jahr einsehen? Mit der Funktion \u201eSpenden\u00fcbersichten\u201c k\u00f6nnen Sie schnell auf alle Ihre Pushpay-Spendennachweise f\u00fcr Steuerzwecke zugreifen, wie sie <a href=\"https:\/\/www.irs.gov\/charities-non-profits\/charitable-organizations\/charitable-contributions-written-acknowledgments\" target=\"_blank\" rel=\"noopener\">von der IRS dargelegt<\/a> werden, direkt von Ihrem Pushpay-Konto aus. <\/p><p>Wenn Sie spezifische Fragen zu Ihrer Spenden\u00fcbersicht haben, lesen Sie unsere FAQ <a href=\"https:\/\/help.pushpay.com\/s\/knowledge\/Does-Pushpay-provide-me-with-a-Year-End-Tax-Statement?topic=All\" target=\"_blank\" rel=\"noopener\">hier<\/a>.<\/p><p>Wir wissen, dass Sie diese Informationen m\u00f6glicherweise auf Ihrem Mobiltelefon oder auf einem Desktop-Computer in verschiedenen Situationen einsehen m\u00fcssen. Unter dem folgenden Link finden Sie die Schritte f\u00fcr Ihre bevorzugte Variante: <\/p>\t\t\t\t\t\t\t\t<\/div>\n\t\t\t\t<div class=\"elementor-element elementor-element-fd355a6 elementor-widget elementor-widget-heading\" data-id=\"fd355a6\" data-element_type=\"widget\" data-e-type=\"widget\" data-widget_type=\"heading.default\">\n\t\t\t\t\t<p class=\"elementor-heading-title elementor-size-default\"><a href=\"#desktop\">Desktop-Version<\/a><\/p>\t\t\t\t<\/div>\n\t\t\t\t<div class=\"elementor-element elementor-element-d0efeb6 elementor-widget elementor-widget-heading\" data-id=\"d0efeb6\" data-element_type=\"widget\" data-e-type=\"widget\" data-widget_type=\"heading.default\">\n\t\t\t\t\t<p class=\"elementor-heading-title elementor-size-default\"><a href=\"#mobile\">Mobile Version<\/a><\/p>\t\t\t\t<\/div>\n\t\t\t\t<div class=\"elementor-element elementor-element-4549036 elementor-widget elementor-widget-text-editor\" data-id=\"4549036\" data-element_type=\"widget\" data-e-type=\"widget\" data-widget_type=\"text-editor.default\">\n\t\t\t\t\t\t\t\t\t<p>Oder, wenn Sie Ihre \u00dcbersicht(en) lieber in der Brightmoor-App einsehen m\u00f6chten, finden Sie die Anweisungen <a href=\"https:\/\/help.pushpay.com\/s\/knowledge\/How-to-View-My-Giving-Statements-in-the-App\" target=\"_blank\" rel=\"noopener\">hier<\/a>.<\/p>\t\t\t\t\t\t\t\t<\/div>\n\t\t\t\t<div class=\"elementor-element elementor-element-d5bf8f0 elementor-widget-divider--view-line elementor-widget elementor-widget-divider\" data-id=\"d5bf8f0\" data-element_type=\"widget\" data-e-type=\"widget\" id=\"desktop\" data-widget_type=\"divider.default\">\n\t\t\t\t\t\t\t<div class=\"elementor-divider\">\n\t\t\t<span class=\"elementor-divider-separator\">\n\t\t\t\t\t\t<\/span>\n\t\t<\/div>\n\t\t\t\t\t\t<\/div>\n\t\t\t\t<div class=\"elementor-element elementor-element-47a6d82 elementor-widget elementor-widget-heading\" data-id=\"47a6d82\" data-element_type=\"widget\" data-e-type=\"widget\" data-widget_type=\"heading.default\">\n\t\t\t\t\t<h2 class=\"elementor-heading-title elementor-size-default\">Spenden\u00fcbersichten anzeigen \u2013 Desktop-Version\n<\/h2>\t\t\t\t<\/div>\n\t\t\t\t<div class=\"elementor-element elementor-element-a7f4645 elementor-widget elementor-widget-text-editor\" data-id=\"a7f4645\" data-element_type=\"widget\" data-e-type=\"widget\" data-widget_type=\"text-editor.default\">\n\t\t\t\t\t\t\t\t\t<p>1. Melden Sie sich bei Ihrem <a href=\"https:\/\/www.pushpay.com\/login\" target=\"_blank\" rel=\"noopener\">Pushpay-Konto<\/a> mit Ihrer <a href=\"https:\/\/help.pushpay.com\/s\/knowledge\/Passwordless-Sign-In-Overview\" target=\"_blank\" rel=\"noopener\">Handynummer<\/a> oder Ihrem <a href=\"https:\/\/help.pushpay.com\/s\/knowledge\/How-to-Login-with-a-Password-to-my-Pushpay-Account\" target=\"_blank\" rel=\"noopener\">E-Mail-Adresse und Passwort<\/a> an.<\/p><p>2. W\u00e4hlen Sie nach der Anmeldung \u201eSpenden\u00fcbersichten\u201c in der Men\u00fcleiste auf der linken Seite aus.<\/p>\t\t\t\t\t\t\t\t<\/div>\n\t\t\t\t<div class=\"elementor-element elementor-element-64b4c26 elementor-widget elementor-widget-image\" data-id=\"64b4c26\" data-element_type=\"widget\" data-e-type=\"widget\" data-widget_type=\"image.default\">\n\t\t\t\t\t\t\t\t\t\t\t\t\t\t\t\t<a href=\"https:\/\/designccb.s3.us-east-1.amazonaws.com\/helpdesk\/images\/How+to+View+GS+in+browser+1.png\" data-elementor-open-lightbox=\"yes\" data-e-action-hash=\"#elementor-action%3Aaction%3Dlightbox%26settings%3DW10%3D\" target=\"_blank\" rel=\"noopener\">\n\t\t\t\t\t\t\t<img decoding=\"async\" src=\"https:\/\/designccb.s3.us-east-1.amazonaws.com\/helpdesk\/images\/How+to+View+GS+in+browser+1.png\" title=\"\" alt=\"\" loading=\"lazy\" \/>\t\t\t\t\t\t\t\t<\/a>\n\t\t\t\t\t\t\t\t\t\t\t\t\t\t\t<\/div>\n\t\t\t\t<div class=\"elementor-element elementor-element-9224972 elementor-widget elementor-widget-text-editor\" data-id=\"9224972\" data-element_type=\"widget\" data-e-type=\"widget\" data-widget_type=\"text-editor.default\">\n\t\t\t\t\t\t\t\t\t<p>3. Alle ver\u00f6ffentlichten Spenden\u00fcbersichten, die sich auf Ihr Profil beziehen, werden hier angezeigt. Auf der rechten Seite k\u00f6nnen Sie Ihre gew\u00fcnschte Spenden\u00fcbersicht \u201eanzeigen\u201c oder \u201eherunterladen\u201c. <\/p>\t\t\t\t\t\t\t\t<\/div>\n\t\t\t\t<div class=\"elementor-element elementor-element-c820bce elementor-widget elementor-widget-image\" data-id=\"c820bce\" data-element_type=\"widget\" data-e-type=\"widget\" data-widget_type=\"image.default\">\n\t\t\t\t\t\t\t\t\t\t\t\t\t\t\t\t<a href=\"https:\/\/designccb.s3.us-east-1.amazonaws.com\/helpdesk\/images\/How+to+View+GS+in+browser+2.png\" data-elementor-open-lightbox=\"yes\" data-e-action-hash=\"#elementor-action%3Aaction%3Dlightbox%26settings%3DW10%3D\" target=\"_blank\" rel=\"noopener\">\n\t\t\t\t\t\t\t<img decoding=\"async\" src=\"https:\/\/designccb.s3.us-east-1.amazonaws.com\/helpdesk\/images\/How+to+View+GS+in+browser+2.png\" title=\"\" alt=\"\" loading=\"lazy\" \/>\t\t\t\t\t\t\t\t<\/a>\n\t\t\t\t\t\t\t\t\t\t\t\t\t\t\t<\/div>\n\t\t\t\t<div class=\"elementor-element elementor-element-c1776d8 elementor-widget-divider--view-line elementor-widget elementor-widget-divider\" data-id=\"c1776d8\" data-element_type=\"widget\" data-e-type=\"widget\" id=\"mobile\" data-widget_type=\"divider.default\">\n\t\t\t\t\t\t\t<div class=\"elementor-divider\">\n\t\t\t<span class=\"elementor-divider-separator\">\n\t\t\t\t\t\t<\/span>\n\t\t<\/div>\n\t\t\t\t\t\t<\/div>\n\t\t\t\t<div class=\"elementor-element elementor-element-cb2d037 elementor-widget elementor-widget-heading\" data-id=\"cb2d037\" data-element_type=\"widget\" data-e-type=\"widget\" data-widget_type=\"heading.default\">\n\t\t\t\t\t<h2 class=\"elementor-heading-title elementor-size-default\">Spenden\u00fcbersichten anzeigen \u2013 Mobile Version\n<\/h2>\t\t\t\t<\/div>\n\t\t\t\t<div class=\"elementor-element elementor-element-46ecfce elementor-widget elementor-widget-text-editor\" data-id=\"46ecfce\" data-element_type=\"widget\" data-e-type=\"widget\" data-widget_type=\"text-editor.default\">\n\t\t\t\t\t\t\t\t\t<p>1. Melden Sie sich bei Ihrem <a href=\"https:\/\/www.pushpay.com\/login\" target=\"_blank\" rel=\"noopener\">Pushpay-Konto<\/a> mit Ihrer <a href=\"https:\/\/help.pushpay.com\/s\/knowledge\/Passwordless-Sign-In-Overview\" target=\"_blank\" rel=\"noopener\">Handynummer<\/a> oder Ihrem <a href=\"https:\/\/help.pushpay.com\/s\/knowledge\/How-to-Login-with-a-Password-to-my-Pushpay-Account\" target=\"_blank\" rel=\"noopener\">E-Mail-Adresse und Passwort<\/a> an.<\/p><p>2. Tippen Sie auf dem \u201eWillkommensbildschirm\u201c auf das Men\u00fcsymbol in der oberen linken Ecke.<\/p>\t\t\t\t\t\t\t\t<\/div>\n\t\t\t\t<div class=\"elementor-element elementor-element-b8bcab3 elementor-widget elementor-widget-image\" data-id=\"b8bcab3\" data-element_type=\"widget\" data-e-type=\"widget\" data-widget_type=\"image.default\">\n\t\t\t\t\t\t\t\t\t\t\t\t\t\t\t\t<a href=\"https:\/\/designccb.s3.us-east-1.amazonaws.com\/helpdesk\/images\/How+to+View+GS+in+browser+3.png\" data-elementor-open-lightbox=\"yes\" data-e-action-hash=\"#elementor-action%3Aaction%3Dlightbox%26settings%3DW10%3D\" target=\"_blank\" rel=\"noopener\">\n\t\t\t\t\t\t\t<img decoding=\"async\" src=\"https:\/\/designccb.s3.us-east-1.amazonaws.com\/helpdesk\/images\/How+to+View+GS+in+browser+3.png\" title=\"\" alt=\"\" loading=\"lazy\" \/>\t\t\t\t\t\t\t\t<\/a>\n\t\t\t\t\t\t\t\t\t\t\t\t\t\t\t<\/div>\n\t\t\t\t<div class=\"elementor-element elementor-element-967d0e3 elementor-widget elementor-widget-text-editor\" data-id=\"967d0e3\" data-element_type=\"widget\" data-e-type=\"widget\" data-widget_type=\"text-editor.default\">\n\t\t\t\t\t\t\t\t\t<p>3. W\u00e4hlen Sie im Dropdown-Men\u00fc \u201eSpenden\u00fcbersichten\u201c aus.<\/p>\t\t\t\t\t\t\t\t<\/div>\n\t\t\t\t<div class=\"elementor-element elementor-element-1a99c9e elementor-widget elementor-widget-image\" data-id=\"1a99c9e\" data-element_type=\"widget\" data-e-type=\"widget\" data-widget_type=\"image.default\">\n\t\t\t\t\t\t\t\t\t\t\t\t\t\t\t\t<a href=\"https:\/\/designccb.s3.us-east-1.amazonaws.com\/helpdesk\/images\/How+to+View+GS+in+browser+4.png\" data-elementor-open-lightbox=\"yes\" data-e-action-hash=\"#elementor-action%3Aaction%3Dlightbox%26settings%3DW10%3D\" target=\"_blank\" rel=\"noopener\">\n\t\t\t\t\t\t\t<img decoding=\"async\" src=\"https:\/\/designccb.s3.us-east-1.amazonaws.com\/helpdesk\/images\/How+to+View+GS+in+browser+4.png\" title=\"\" alt=\"\" loading=\"lazy\" \/>\t\t\t\t\t\t\t\t<\/a>\n\t\t\t\t\t\t\t\t\t\t\t\t\t\t\t<\/div>\n\t\t\t\t<div class=\"elementor-element elementor-element-55689a7 elementor-widget elementor-widget-text-editor\" data-id=\"55689a7\" data-element_type=\"widget\" data-e-type=\"widget\" data-widget_type=\"text-editor.default\">\n\t\t\t\t\t\t\t\t\t<p>4. Sie sehen eine Liste aller ver\u00f6ffentlichten Spenden\u00fcbersichten. Tippen Sie auf \u201eAnzeigen\u201c, um Ihre gew\u00fcnschte \u00dcbersicht zu \u00f6ffnen. <\/p>\t\t\t\t\t\t\t\t<\/div>\n\t\t\t\t<div class=\"elementor-element elementor-element-c9650ab elementor-widget elementor-widget-image\" data-id=\"c9650ab\" data-element_type=\"widget\" data-e-type=\"widget\" data-widget_type=\"image.default\">\n\t\t\t\t\t\t\t\t\t\t\t\t\t\t\t\t<a href=\"https:\/\/designccb.s3.us-east-1.amazonaws.com\/helpdesk\/images\/How+to+View+GS+in+browser+5.png\" data-elementor-open-lightbox=\"yes\" data-e-action-hash=\"#elementor-action%3Aaction%3Dlightbox%26settings%3DW10%3D\" target=\"_blank\" rel=\"noopener\">\n\t\t\t\t\t\t\t<img decoding=\"async\" src=\"https:\/\/designccb.s3.us-east-1.amazonaws.com\/helpdesk\/images\/How+to+View+GS+in+browser+5.png\" title=\"\" alt=\"\" loading=\"lazy\" \/>\t\t\t\t\t\t\t\t<\/a>\n\t\t\t\t\t\t\t\t\t\t\t\t\t\t\t<\/div>\n\t\t\t\t<div class=\"elementor-element elementor-element-81b84f2 elementor-widget elementor-widget-heading\" data-id=\"81b84f2\" data-element_type=\"widget\" data-e-type=\"widget\" data-widget_type=\"heading.default\">\n\t\t\t\t\t<p class=\"elementor-heading-title elementor-size-default\">Hinweis: Die Schritte zum Herunterladen Ihrer Spenden\u00fcbersicht(en) von einem Mobilger\u00e4t k\u00f6nnen je nach Betriebssystem und Ger\u00e4temodell variieren. Bei den meisten Telefonen und Tablets sollten Sie eine Art \u201eAbw\u00e4rtspfeil\u201c-Symbol oder eine \u201eSpeichern\/Herunterladen\u201c-Schaltfl\u00e4che sehen, wenn Sie die \u00dcbersicht anzeigen. <\/p>\t\t\t\t<\/div>\n\t\t\t\t\t<\/div>\n\t\t\t\t<\/div>\n\t\t\t\t<\/div>\n\t\t","protected":false},"excerpt":{"rendered":"<p>So zeigen Sie Ihre Spenden\u00fcbersichten mit einem Webbrowser an ZUM SPENDEN ANKLICKEN \u00dcberblick M\u00fcssen Sie einen Nachweis \u00fcber Ihre Gesamtspenden f\u00fcr das Quartal oder das Jahr einsehen? Mit der Funktion \u201eSpenden\u00fcbersichten\u201c k\u00f6nnen Sie schnell auf alle Ihre Pushpay-Spendennachweise f\u00fcr Steuerzwecke zugreifen, wie sie von der IRS dargelegt werden, direkt von Ihrem Pushpay-Konto aus. Wenn Sie [&hellip;]<\/p>\n","protected":false},"author":1,"featured_media":0,"parent":22219,"menu_order":26,"comment_status":"closed","ping_status":"closed","template":"","meta":{"footnotes":""},"class_list":["post-21770","page","type-page","status-publish","hentry"],"_links":{"self":[{"href":"https:\/\/brightmoorchurch.org\/de\/wp-json\/wp\/v2\/pages\/21770","targetHints":{"allow":["GET"]}}],"collection":[{"href":"https:\/\/brightmoorchurch.org\/de\/wp-json\/wp\/v2\/pages"}],"about":[{"href":"https:\/\/brightmoorchurch.org\/de\/wp-json\/wp\/v2\/types\/page"}],"author":[{"embeddable":true,"href":"https:\/\/brightmoorchurch.org\/de\/wp-json\/wp\/v2\/users\/1"}],"replies":[{"embeddable":true,"href":"https:\/\/brightmoorchurch.org\/de\/wp-json\/wp\/v2\/comments?post=21770"}],"version-history":[{"count":0,"href":"https:\/\/brightmoorchurch.org\/de\/wp-json\/wp\/v2\/pages\/21770\/revisions"}],"up":[{"embeddable":true,"href":"https:\/\/brightmoorchurch.org\/de\/wp-json\/wp\/v2\/pages\/22219"}],"wp:attachment":[{"href":"https:\/\/brightmoorchurch.org\/de\/wp-json\/wp\/v2\/media?parent=21770"}],"curies":[{"name":"wp","href":"https:\/\/api.w.org\/{rel}","templated":true}]}}