{"id":21635,"date":"2023-12-17T09:40:26","date_gmt":"2023-12-17T14:40:26","guid":{"rendered":"https:\/\/brightmoorchurch.org\/einrichtungen\/"},"modified":"2025-07-30T13:44:27","modified_gmt":"2025-07-30T17:44:27","slug":"einrichtungen","status":"publish","type":"page","link":"https:\/\/brightmoorchurch.org\/de\/einrichtungen\/","title":{"rendered":"Einrichtungen"},"content":{"rendered":"\t\t<div data-elementor-type=\"wp-page\" data-elementor-id=\"21635\" class=\"elementor elementor-21635 elementor-9899\" data-elementor-post-type=\"page\">\n\t\t\t\t<div class=\"elementor-element elementor-element-09ad6a9 e-flex e-con-boxed e-con e-parent\" data-id=\"09ad6a9\" data-element_type=\"container\" data-e-type=\"container\">\n\t\t\t\t\t<div class=\"e-con-inner\">\n\t\t<a class=\"elementor-element elementor-element-611a9ad e-con-full e-flex e-con e-child\" data-id=\"611a9ad\" data-element_type=\"container\" data-e-type=\"container\" data-settings=\"{&quot;background_background&quot;:&quot;classic&quot;}\" href=\"https:\/\/brightmoorchristianchurch.ccbchurch.com\/kiosk.php?ax=grouping&#038;grouping=13&#038;campus=1\" target=\"_blank\" rel=\"noopener\">\n\t\t\t\t<div class=\"elementor-element elementor-element-d97f0fe elementor-widget elementor-widget-heading\" data-id=\"d97f0fe\" data-element_type=\"widget\" data-e-type=\"widget\" data-widget_type=\"heading.default\">\n\t\t\t\t\t<p class=\"elementor-heading-title elementor-size-default\">Leichtathletik<\/p>\t\t\t\t<\/div>\n\t\t\t\t<\/a>\n\t\t<a class=\"elementor-element elementor-element-861c6e2 e-con-full e-flex e-con e-child\" data-id=\"861c6e2\" data-element_type=\"container\" data-e-type=\"container\" data-settings=\"{&quot;background_background&quot;:&quot;classic&quot;}\" href=\"https:\/\/brightmoorchristianchurch.ccbchurch.com\/kiosk.php?ax=grouping&#038;grouping=14&#038;campus=1\" target=\"_blank\" rel=\"noopener\">\n\t\t\t\t<div class=\"elementor-element elementor-element-268bbcf elementor-widget elementor-widget-heading\" data-id=\"268bbcf\" data-element_type=\"widget\" data-e-type=\"widget\" data-widget_type=\"heading.default\">\n\t\t\t\t\t<p class=\"elementor-heading-title elementor-size-default\">Klassenzimmer<\/p>\t\t\t\t<\/div>\n\t\t\t\t<\/a>\n\t\t<a class=\"elementor-element elementor-element-e0b8e99 e-con-full e-flex e-con e-child\" data-id=\"e0b8e99\" data-element_type=\"container\" data-e-type=\"container\" data-settings=\"{&quot;background_background&quot;:&quot;classic&quot;}\" href=\"https:\/\/brightmoorchristianchurch.ccbchurch.com\/kiosk.php?ax=grouping&#038;grouping=15&#038;campus=1\" target=\"_blank\" rel=\"noopener\">\n\t\t\t\t<div class=\"elementor-element elementor-element-d83b736 elementor-widget elementor-widget-heading\" data-id=\"d83b736\" data-element_type=\"widget\" data-e-type=\"widget\" data-widget_type=\"heading.default\">\n\t\t\t\t\t<p class=\"elementor-heading-title elementor-size-default\">Fr\u00fche Kindheit<\/p>\t\t\t\t<\/div>\n\t\t\t\t<\/a>\n\t\t<a class=\"elementor-element elementor-element-52bf17c e-con-full e-flex e-con e-child\" data-id=\"52bf17c\" data-element_type=\"container\" data-e-type=\"container\" data-settings=\"{&quot;background_background&quot;:&quot;classic&quot;}\" href=\"https:\/\/brightmoorchristianchurch.ccbchurch.com\/kiosk.php?ax=grouping&#038;grouping=147&#038;campus=1\" target=\"_blank\" rel=\"noopener\">\n\t\t\t\t<div class=\"elementor-element elementor-element-12b6425 elementor-widget elementor-widget-heading\" data-id=\"12b6425\" data-element_type=\"widget\" data-e-type=\"widget\" data-widget_type=\"heading.default\">\n\t\t\t\t\t<p class=\"elementor-heading-title elementor-size-default\">Eing\u00e4nge<\/p>\t\t\t\t<\/div>\n\t\t\t\t<\/a>\n\t\t<a class=\"elementor-element elementor-element-9d499b7 e-con-full e-flex e-con e-child\" data-id=\"9d499b7\" data-element_type=\"container\" data-e-type=\"container\" data-settings=\"{&quot;background_background&quot;:&quot;classic&quot;}\" href=\"https:\/\/brightmoorchristianchurch.ccbchurch.com\/kiosk.php?ax=grouping&#038;grouping=16&#038;campus=1\" target=\"_blank\" rel=\"noopener\">\n\t\t\t\t<div class=\"elementor-element elementor-element-1128157 elementor-widget elementor-widget-heading\" data-id=\"1128157\" data-element_type=\"widget\" data-e-type=\"widget\" data-widget_type=\"heading.default\">\n\t\t\t\t\t<p class=\"elementor-heading-title elementor-size-default\">Au\u00dfenbereich<\/p>\t\t\t\t<\/div>\n\t\t\t\t<\/a>\n\t\t<a class=\"elementor-element elementor-element-b02b40d e-con-full e-flex e-con e-child\" data-id=\"b02b40d\" data-element_type=\"container\" data-e-type=\"container\" data-settings=\"{&quot;background_background&quot;:&quot;classic&quot;}\" href=\"https:\/\/brightmoorchristianchurch.ccbchurch.com\/kiosk.php?ax=grouping&#038;grouping=17&#038;campus=1\" target=\"_blank\" rel=\"noopener\">\n\t\t\t\t<div class=\"elementor-element elementor-element-afb149a elementor-widget elementor-widget-heading\" data-id=\"afb149a\" data-element_type=\"widget\" data-e-type=\"widget\" data-widget_type=\"heading.default\">\n\t\t\t\t\t<p class=\"elementor-heading-title elementor-size-default\">Fabriken<\/p>\t\t\t\t<\/div>\n\t\t\t\t<\/a>\n\t\t<a class=\"elementor-element elementor-element-29944c2 e-con-full e-flex e-con e-child\" data-id=\"29944c2\" data-element_type=\"container\" data-e-type=\"container\" data-settings=\"{&quot;background_background&quot;:&quot;classic&quot;}\" href=\"https:\/\/brightmoorchristianchurch.ccbchurch.com\/kiosk.php?ax=grouping&#038;grouping=18&#038;campus=1\" target=\"_blank\" rel=\"noopener\">\n\t\t\t\t<div class=\"elementor-element elementor-element-f9c9008 elementor-widget elementor-widget-heading\" data-id=\"f9c9008\" data-element_type=\"widget\" data-e-type=\"widget\" data-widget_type=\"heading.default\">\n\t\t\t\t\t<p class=\"elementor-heading-title elementor-size-default\">Flure<\/p>\t\t\t\t<\/div>\n\t\t\t\t<\/a>\n\t\t<a class=\"elementor-element elementor-element-2eee41b e-con-full e-flex e-con e-child\" data-id=\"2eee41b\" data-element_type=\"container\" data-e-type=\"container\" data-settings=\"{&quot;background_background&quot;:&quot;classic&quot;}\" href=\"https:\/\/brightmoorchristianchurch.ccbchurch.com\/kiosk.php?ax=grouping&#038;grouping=19&#038;campus=1\" target=\"_blank\" rel=\"noopener\">\n\t\t\t\t<div class=\"elementor-element elementor-element-b3395b2 elementor-widget elementor-widget-heading\" data-id=\"b3395b2\" data-element_type=\"widget\" data-e-type=\"widget\" data-widget_type=\"heading.default\">\n\t\t\t\t\t<p class=\"elementor-heading-title elementor-size-default\">Lobby<\/p>\t\t\t\t<\/div>\n\t\t\t\t<\/a>\n\t\t<a class=\"elementor-element elementor-element-777be91 e-con-full e-flex e-con e-child\" data-id=\"777be91\" data-element_type=\"container\" data-e-type=\"container\" data-settings=\"{&quot;background_background&quot;:&quot;classic&quot;}\" href=\"https:\/\/brightmoorchristianchurch.ccbchurch.com\/kiosk.php?ax=grouping&#038;grouping=20&#038;campus=1\" target=\"_blank\" rel=\"noopener\">\n\t\t\t\t<div class=\"elementor-element elementor-element-0588147 elementor-widget elementor-widget-heading\" data-id=\"0588147\" data-element_type=\"widget\" data-e-type=\"widget\" data-widget_type=\"heading.default\">\n\t\t\t\t\t<p class=\"elementor-heading-title elementor-size-default\">B\u00fcros<\/p>\t\t\t\t<\/div>\n\t\t\t\t<\/a>\n\t\t<a class=\"elementor-element elementor-element-87b32f7 e-con-full e-flex e-con e-child\" data-id=\"87b32f7\" data-element_type=\"container\" data-e-type=\"container\" data-settings=\"{&quot;background_background&quot;:&quot;classic&quot;}\" href=\"https:\/\/brightmoorchristianchurch.ccbchurch.com\/kiosk.php?ax=grouping&#038;grouping=21&#038;campus=1\" target=\"_blank\" rel=\"noopener\">\n\t\t\t\t<div class=\"elementor-element elementor-element-71a38b9 elementor-widget elementor-widget-heading\" data-id=\"71a38b9\" data-element_type=\"widget\" data-e-type=\"widget\" data-widget_type=\"heading.default\">\n\t\t\t\t\t<p class=\"elementor-heading-title elementor-size-default\">Bahnhof Vorschule<\/p>\t\t\t\t<\/div>\n\t\t\t\t<\/a>\n\t\t<a class=\"elementor-element elementor-element-da67ddf e-con-full e-flex e-con e-child\" data-id=\"da67ddf\" data-element_type=\"container\" data-e-type=\"container\" data-settings=\"{&quot;background_background&quot;:&quot;classic&quot;}\" href=\"https:\/\/brightmoorchristianchurch.ccbchurch.com\/kiosk.php?ax=grouping&#038;grouping=22&#038;campus=1\" target=\"_blank\" rel=\"noopener\">\n\t\t\t\t<div class=\"elementor-element elementor-element-fe8492e elementor-widget elementor-widget-heading\" data-id=\"fe8492e\" data-element_type=\"widget\" data-e-type=\"widget\" data-widget_type=\"heading.default\">\n\t\t\t\t\t<p class=\"elementor-heading-title elementor-size-default\">Gottesdienstzentrum<\/p>\t\t\t\t<\/div>\n\t\t\t\t<\/a>\n\t\t<a class=\"elementor-element elementor-element-8fbe5f0 e-con-full e-flex e-con e-child\" data-id=\"8fbe5f0\" data-element_type=\"container\" data-e-type=\"container\" data-settings=\"{&quot;background_background&quot;:&quot;classic&quot;}\" href=\"https:\/\/brightmoorchristianchurch.ccbchurch.com\/kiosk.php?ax=grouping&#038;grouping=23&#038;campus=1\" target=\"_blank\" rel=\"noopener\">\n\t\t\t\t<div class=\"elementor-element elementor-element-e260393 elementor-widget elementor-widget-heading\" data-id=\"e260393\" data-element_type=\"widget\" data-e-type=\"widget\" data-widget_type=\"heading.default\">\n\t\t\t\t\t<p class=\"elementor-heading-title elementor-size-default\">Jugendzentrum<\/p>\t\t\t\t<\/div>\n\t\t\t\t<\/a>\n\t\t<a class=\"elementor-element elementor-element-58fadca e-con-full e-flex e-con e-child\" data-id=\"58fadca\" data-element_type=\"container\" data-e-type=\"container\" data-settings=\"{&quot;background_background&quot;:&quot;classic&quot;}\" href=\"https:\/\/brightmoorchristianchurch.ccbchurch.com\/kiosk.php?ax=grouping&#038;grouping=70&#038;campus=1\" target=\"_blank\" rel=\"noopener\">\n\t\t\t\t<div class=\"elementor-element elementor-element-827d2e6 elementor-widget elementor-widget-heading\" data-id=\"827d2e6\" data-element_type=\"widget\" data-e-type=\"widget\" data-widget_type=\"heading.default\">\n\t\t\t\t\t<p class=\"elementor-heading-title elementor-size-default\">Sonstiges<\/p>\t\t\t\t<\/div>\n\t\t\t\t<\/a>\n\t\t\t\t\t<\/div>\n\t\t\t\t<\/div>\n\t\t\t\t<\/div>\n\t\t","protected":false},"excerpt":{"rendered":"<p>Leichtathletik Klassenzimmer Fr\u00fche Kindheit Eing\u00e4nge Au\u00dfenbereich Fabriken Flure Lobby B\u00fcros Bahnhof Vorschule Gottesdienstzentrum Jugendzentrum Sonstiges<\/p>\n","protected":false},"author":1,"featured_media":0,"parent":0,"menu_order":6,"comment_status":"closed","ping_status":"closed","template":"elementor_canvas","meta":{"footnotes":""},"class_list":["post-21635","page","type-page","status-publish","hentry"],"_links":{"self":[{"href":"https:\/\/brightmoorchurch.org\/de\/wp-json\/wp\/v2\/pages\/21635","targetHints":{"allow":["GET"]}}],"collection":[{"href":"https:\/\/brightmoorchurch.org\/de\/wp-json\/wp\/v2\/pages"}],"about":[{"href":"https:\/\/brightmoorchurch.org\/de\/wp-json\/wp\/v2\/types\/page"}],"author":[{"embeddable":true,"href":"https:\/\/brightmoorchurch.org\/de\/wp-json\/wp\/v2\/users\/1"}],"replies":[{"embeddable":true,"href":"https:\/\/brightmoorchurch.org\/de\/wp-json\/wp\/v2\/comments?post=21635"}],"version-history":[{"count":0,"href":"https:\/\/brightmoorchurch.org\/de\/wp-json\/wp\/v2\/pages\/21635\/revisions"}],"wp:attachment":[{"href":"https:\/\/brightmoorchurch.org\/de\/wp-json\/wp\/v2\/media?parent=21635"}],"curies":[{"name":"wp","href":"https:\/\/api.w.org\/{rel}","templated":true}]}}